{"id":2946,"date":"2022-09-17T22:00:09","date_gmt":"2022-09-17T22:00:09","guid":{"rendered":"https:\/\/naqshbandi.org\/?page_id=2946"},"modified":"2025-05-27T21:30:29","modified_gmt":"2025-05-27T21:30:29","slug":"faire-don-de-lancien","status":"publish","type":"page","link":"https:\/\/naqshbandi.org\/fr\/donate-old\/","title":{"rendered":"Donate &#8211; old"},"content":{"rendered":"<h4 style=\"font-family: oswald;\"><a href=\"https:\/\/www.paypal.com\/donate\/?hosted_button_id=BE7UNQNTE58NN\" target=\"_blank\" rel=\"noopener\"><strong>COMMANDITE DU D\u00ceNER MAWLID<\/strong><\/a><\/h4>\n<h4 style=\"font-family: oswald;\">SECOURS AUX SINISTR\u00c9S<\/h4>\n<p style=\"padding-left: 30px; font-family: oswald;\"><a href=\"https:\/\/www.paypal.com\/donate\/?hosted_button_id=WRXKH2PYV88NJ\" target=\"_blank\" rel=\"noopener\"><strong>Secours contre la famine en Somalie<\/strong><\/a><strong><span style=\"color: #ff0000; font-size: 85%; font-family: tahoma;\"> URGENT<\/span><\/strong><\/p>\n<h4 style=\"font-family: oswald;\">NOURRIR LES BESOINS<\/h4>\n<p style=\"padding-left: 30px; font-family: oswald;\"><strong><a href=\"https:\/\/www.paypal.com\/donate\/?hosted_button_id=QTX4T5DXGCZML\" target=\"_blank\" rel=\"noopener\">Nourrir une famille pendant un mois<\/a> &#8211; $35\u00a0<\/strong> <strong><span style=\"color: #ff0000; font-size: 85%; font-family: tahoma;\">URGENT<\/span><\/strong><\/p>\n<p style=\"padding-left: 30px; font-family: oswald;\"><strong><a href=\"https:\/\/www.paypal.com\/donate\/?hosted_button_id=5CHCJKLVPLVYL\" target=\"_blank\" rel=\"noopener\">Nourrir les orphelins<\/a>\u00a0<span style=\"color: #ff0000; font-size: 85%; font-family: tahoma;\">URGENT<\/span><\/strong><\/p>\n<h4 style=\"font-family: oswald;\">PROJET PILOTE 2022<\/h4>\n<p style=\"padding-left: 30px; font-family: oswald;\"><a href=\"https:\/\/www.paypal.com\/donate\/?hosted_button_id=SA97U7GJNZGJ2\" target=\"_blank\" rel=\"noopener\"><strong>Soutien aux r\u00e9fugi\u00e9s afghans<\/strong><\/a><\/p>\n<h4 style=\"font-family: oswald;\"><a href=\"https:\/\/www.paypal.com\/donate\/?hosted_button_id=VEB4R3WKFQGMS\" target=\"_blank\" rel=\"noopener\"><strong>CONSTRUIRE UNE MOSQU\u00c9E<\/strong><\/a><\/h4>\n<h4 style=\"font-family: oswald;\">CONSTRUIRE UN PUITS<\/h4>\n<p style=\"padding-left: 30px; font-family: oswald;\"><strong><a href=\"https:\/\/www.paypal.com\/donate\/?hosted_button_id=5XSJPKCWYGE34\" target=\"_blank\" rel=\"noopener\">Construction de puits<\/a>\u00a0<\/strong><\/p>\n<p style=\"padding-left: 30px; font-family: oswald;\"><strong><a href=\"https:\/\/www.paypal.com\/donate\/?hosted_button_id=7B7755EHZLA92\" target=\"_blank\" rel=\"noopener\">R\u00e9paration de puits<\/a>\u00a0<\/strong><\/p>\n<h4 style=\"font-family: oswald;\">QURBAN\/ZABIHA<\/h4>\n<p style=\"padding-left: 30px; font-family: oswald;\"><strong><a href=\"https:\/\/www.paypal.com\/donate\/?hosted_button_id=GXS5PRAMTWZAA\" target=\"_blank\" rel=\"noopener noreferrer\">$400 Mouton (Fenton Zawiya)<\/a><\/strong><\/p>\n<p style=\"padding-left: 30px; font-family: oswald;\"><strong><a href=\"https:\/\/www.paypal.com\/cgi-bin\/webscr?cmd=_s-xclick&amp;hosted_button_id=J8Z9SVAK6CT76&amp;source=url\" target=\"_blank\" rel=\"noopener noreferrer\">$130 Mouton<\/a><\/strong> | <strong><a href=\"https:\/\/www.paypal.com\/cgi-bin\/webscr?cmd=_s-xclick&amp;hosted_button_id=DN84BWSN9RVX4&amp;source=url\" target=\"_blank\" rel=\"noopener noreferrer\">$65 Demi Mouton<\/a><\/strong><\/p>\n<p style=\"padding-left: 30px; font-family: oswald;\"><strong><a href=\"https:\/\/www.paypal.com\/donate?hosted_button_id=SHQVY4NMWHXN2&amp;source=url\" target=\"_blank\" rel=\"noopener noreferrer\">$100 Ch\u00e8vre<\/a><\/strong> | <strong><a href=\"https:\/\/www.paypal.com\/donate?hosted_button_id=TTADQZMP6AHHJ&amp;source=url\" target=\"_blank\" rel=\"noopener noreferrer\">$50 Demi Ch\u00e8vre<\/a><\/strong><\/p>\n<p style=\"padding-left: 30px; font-family: oswald;\"><strong><a href=\"https:\/\/www.paypal.com\/cgi-bin\/webscr?cmd=_s-xclick&amp;hosted_button_id=PK9FRCW6Y25XL&amp;source=url\" target=\"_blank\" rel=\"noopener noreferrer\">$525 Vache<\/a><\/strong> |\u00a0\u00a0<strong><a href=\"https:\/\/www.paypal.com\/cgi-bin\/webscr?cmd=_s-xclick&amp;hosted_button_id=2MKY2ZBUZC994&amp;source=url\" target=\"_blank\" rel=\"noopener noreferrer\">$75 1\/7\u00e8me Vache<\/a><\/strong><\/p>\n<h4 style=\"font-family: oswald;\">ZAKAT<\/h4>\n<p style=\"padding-left: 30px; font-family: oswald;\"><strong><a href=\"https:\/\/www.paypal.com\/cgi-bin\/webscr?cmd=_s-xclick&amp;hosted_button_id=KV6L2LARGUGQQ&amp;source=url\" target=\"_blank\" rel=\"noopener noreferrer\">Zakat al-Mal<\/a>\u00a0|\u00a0<em><a href=\"https:\/\/www.sufilive.com\/donate\/zakat-calculation-form\" target=\"_blank\" rel=\"noopener noreferrer\">Calculatrice de Zakat<\/a><\/em><\/strong><\/p>\n<h4 style=\"font-family: oswald;\">LOGEMENT ET \u00c9DUCATION DES ORPHELINS<\/h4>\n<p style=\"padding-left: 30px; font-family: oswald;\"><a href=\"https:\/\/www.paypal.com\/donate\/?hosted_button_id=YEY9J7S2B5EQC\" target=\"_blank\" rel=\"noopener\"><strong>Aide aux orphelins\u00a0<\/strong><\/a><\/p>\n<p style=\"padding-left: 30px; font-family: oswald;\"><a href=\"https:\/\/www.paypal.com\/donate\/?hosted_button_id=YEY9J7S2B5EQC\" target=\"_blank\" rel=\"noopener\"><strong>Coran <em>Tahfizh<\/em> Aide aux \u00e9tudiants<\/strong><\/a><\/p>\n<h4 style=\"font-family: oswald;\">DONS G\u00c9N\u00c9RAUX<\/h4>\n<p style=\"padding-left: 30px; font-family: oswald;\"><a href=\"https:\/\/www.paypal.com\/cgi-bin\/webscr?cmd=_s-xclick&amp;hosted_button_id=J67SSE37HM6LG&amp;source=url\" target=\"_blank\" rel=\"noopener noreferrer\"><strong>Donner<\/strong><\/a><\/p>\n<p style=\"padding-left: 30px; font-family: oswald;\"><strong><a href=\"https:\/\/naqshbandi.org\/fr\/donner\/donate-authorize-net\/\">Don non Paypal<\/a><\/strong><\/p>\n<p style=\"padding-left: 30px; font-family: oswald;\"><a href=\"https:\/\/naqshbandi.org\/fr\/donner\/patron-subscription\/\" target=\"_blank\" rel=\"noopener noreferrer\"><strong>Don mensuel<\/strong><\/a> (abonnement)<\/p>\n<h4 style=\"font-family: oswald;\"><strong><a href=\"https:\/\/www.paypal.com\/donate\/?hosted_button_id=HFX6HD6E3DSN2\" target=\"_blank\" rel=\"noopener\">ENTRETIEN DE LA MOSQU\u00c9E AS-SIDDIQ<\/a><\/strong><\/h4>\n<h4 style=\"font-family: oswald;\"><strong><a href=\"https:\/\/www.paypal.com\/cgi-bin\/webscr?cmd=_s-xclick&amp;hosted_button_id=SWJB5DNXS7MDG&amp;source=url\" target=\"_blank\" rel=\"noopener noreferrer\">AM\u00c9LIORATION FENTON ZAWIYA<\/a><\/strong><\/h4>\n<h4 style=\"font-family: oswald;\"><strong><a href=\"http:\/\/sufilive.com\/donateauto\" rel=\"noopener noreferrer\">FAIRE UN DON DE V\u00c9HICULE<\/a><\/strong><\/h4>\n<p style=\"font-family: oswald;\"><strong>D\u00c9TAILS DE LA D\u00c9DUCTION FISCALE IRS POUR LES R\u00c9SIDENTS AM\u00c9RICAINS<\/strong><\/p>\n<hr \/>\n<p style=\"font-family: oswald;\">Sufilive \/ Islamic Supreme Council of America (ISCA) est une organisation religieuse \u00e0 but non lucratif 501(c)(3) (Tax ID#\u00a0: 38-3497540). Votre contribution est d\u00e9ductible des imp\u00f4ts dans la mesure permise par la loi. Pour des raisons fiscales, chaque mois de janvier, nous envoyons des documents de d\u00e9duction fiscale aux donateurs qui r\u00e9sident aux \u00c9tats-Unis pour les dons qu&#039;ils ont faits l&#039;ann\u00e9e pr\u00e9c\u00e9dente. Merci pour votre soutien.<\/p>","protected":false},"excerpt":{"rendered":"<p>SPONSOR MAWLID DINNER DISASTER RELIEF Somalia Famine Relief URGENT FEED THE NEEDY Feed a Family for a Month &#8211; $35\u00a0 URGENT Feed Orphans\u00a0URGENT PILOT PROJECT 2022 Afghan Refugee Support BUILD A MOSQUE BUILD A WELL Well Construction\u00a0 Well Repair\u00a0 QURBAN\/ZABIHA $400 Sheep (Fenton Zawiya) $130 Sheep | $65 Half Sheep $100 Goat | $50\u00a0 Half [&hellip;]<\/p>\n","protected":false},"author":2,"featured_media":0,"parent":0,"menu_order":0,"comment_status":"closed","ping_status":"closed","template":"","meta":{"_et_pb_use_builder":"off","_et_pb_old_content":"","_et_gb_content_width":"","footnotes":""},"class_list":["post-2946","page","type-page","status-publish","hentry"],"_links":{"self":[{"href":"https:\/\/naqshbandi.org\/fr\/wp-json\/wp\/v2\/pages\/2946","targetHints":{"allow":["GET"]}}],"collection":[{"href":"https:\/\/naqshbandi.org\/fr\/wp-json\/wp\/v2\/pages"}],"about":[{"href":"https:\/\/naqshbandi.org\/fr\/wp-json\/wp\/v2\/types\/page"}],"author":[{"embeddable":true,"href":"https:\/\/naqshbandi.org\/fr\/wp-json\/wp\/v2\/users\/2"}],"replies":[{"embeddable":true,"href":"https:\/\/naqshbandi.org\/fr\/wp-json\/wp\/v2\/comments?post=2946"}],"version-history":[{"count":0,"href":"https:\/\/naqshbandi.org\/fr\/wp-json\/wp\/v2\/pages\/2946\/revisions"}],"wp:attachment":[{"href":"https:\/\/naqshbandi.org\/fr\/wp-json\/wp\/v2\/media?parent=2946"}],"curies":[{"name":"wp","href":"https:\/\/api.w.org\/{rel}","templated":true}]}}