{"id":2408,"date":"2021-06-14T10:44:12","date_gmt":"2021-06-14T10:44:12","guid":{"rendered":"https:\/\/naqshbandi.org\/?page_id=2408"},"modified":"2022-10-03T15:26:49","modified_gmt":"2022-10-03T15:26:49","slug":"salawat-al-fatih","status":"publish","type":"page","link":"https:\/\/naqshbandi.org\/bn\/dua-invocation\/salawat-al-fatih\/","title":{"rendered":"\u09b8\u09be\u09b2\u09be\u0993\u09af\u09bc\u09be\u09a4 \u0986\u09b2-\u09ab\u09be\u09a4\u09bf\u09b9"},"content":{"rendered":"<p>[et_pb_section fb_built=&#8221;1&#8243; _builder_version=&#8221;4.16&#8243; _module_preset=&#8221;default&#8221; background_image=&#8221;https:\/\/naqshbandi.org\/wp-content\/uploads\/2021\/05\/Rectangle-1-2.jpg&#8221; min_height=&#8221;550px&#8221; custom_padding=&#8221;||||false|false&#8221; global_colors_info=&#8221;{}&#8221;][\/et_pb_section][et_pb_section fb_built=&#8221;1&#8243; _builder_version=&#8221;4.16&#8243; _module_preset=&#8221;default&#8221; background_enable_image=&#8221;off&#8221; background_size=&#8221;initial&#8221; background_position=&#8221;bottom_center&#8221; custom_padding=&#8221;0px|||||&#8221; global_colors_info=&#8221;{}&#8221;][et_pb_row column_structure=&#8221;1_5,3_5,1_5&#8243; make_equal=&#8221;on&#8221; _builder_version=&#8221;4.16&#8243; _module_preset=&#8221;default&#8221; custom_padding=&#8221;70px||5px||false|false&#8221; custom_css_main_element=&#8221;align-items: center;&#8221; locked=&#8221;off&#8221; global_colors_info=&#8221;{}&#8221;][et_pb_column type=&#8221;1_5&#8243; _builder_version=&#8221;4.16&#8243; _module_preset=&#8221;default&#8221; global_colors_info=&#8221;{}&#8221;][et_pb_image src=&#8221;https:\/\/naqshbandi.org\/wp-content\/uploads\/2021\/05\/Capture1.png&#8221; title_text=&#8221;Capture1&#8243; align=&#8221;right&#8221; align_tablet=&#8221;&#8221; align_phone=&#8221;center&#8221; align_last_edited=&#8221;on|phone&#8221; _builder_version=&#8221;4.16&#8243; _module_preset=&#8221;default&#8221; global_colors_info=&#8221;{}&#8221;][\/et_pb_image][\/et_pb_column][et_pb_column type=&#8221;3_5&#8243; _builder_version=&#8221;4.16&#8243; _module_preset=&#8221;default&#8221; global_colors_info=&#8221;{}&#8221;][et_pb_text _builder_version=&#8221;4.16&#8243; _module_preset=&#8221;default&#8221; header_2_font=&#8221;Anglecia Pro Display||||||||&#8221; header_2_text_align=&#8221;center&#8221; header_2_text_color=&#8221;#05290d&#8221; header_2_font_size=&#8221;62px&#8221; custom_margin=&#8221;-23px||||false|false&#8221; custom_padding=&#8221;|0px||||&#8221; header_2_font_size_tablet=&#8221;&#8221; header_2_font_size_phone=&#8221;40px&#8221; header_2_font_size_last_edited=&#8221;on|phone&#8221; global_colors_info=&#8221;{}&#8221;]<\/p>\n<h2>Salawat al-Fatih<\/h2>\n<p>[\/et_pb_text][\/et_pb_column][et_pb_column type=&#8221;1_5&#8243; _builder_version=&#8221;4.16&#8243; _module_preset=&#8221;default&#8221; global_colors_info=&#8221;{}&#8221;][et_pb_image src=&#8221;https:\/\/naqshbandi.org\/wp-content\/uploads\/2021\/05\/Capture.png&#8221; title_text=&#8221;Capture&#8221; align=&#8221;right&#8221; align_tablet=&#8221;&#8221; align_phone=&#8221;center&#8221; align_last_edited=&#8221;on|phone&#8221; _builder_version=&#8221;4.16&#8243; _module_preset=&#8221;default&#8221; global_colors_info=&#8221;{}&#8221;][\/et_pb_image][\/et_pb_column][\/et_pb_row][et_pb_row _builder_version=&#8221;4.16&#8243; _module_preset=&#8221;default&#8221; global_colors_info=&#8221;{}&#8221;][et_pb_column type=&#8221;4_4&#8243; _builder_version=&#8221;4.16&#8243; _module_preset=&#8221;default&#8221; global_colors_info=&#8221;{}&#8221;][et_pb_text content_last_edited=&#8221;off|desktop&#8221; _builder_version=&#8221;4.18.0&#8243; _module_preset=&#8221;default&#8221; text_font=&#8221;Nunito Sans||||||||&#8221; text_text_color=&#8221;#000000&#8243; text_font_size=&#8221;16px&#8221; hover_enabled=&#8221;0&#8243; locked=&#8221;off&#8221; global_colors_info=&#8221;{}&#8221; sticky_enabled=&#8221;0&#8243;]<\/p>\n<table style=\"border-collapse: collapse; width: 100%;\" border=\"0\">\n<tbody>\n<tr>\n<td style=\"width: 50%;\">\n<h2>\u1e62al\u0101t al-F\u0101\u1e6di\u1e25, Salutation of the Victor<\/h2>\n<\/td>\n<td style=\"width: 50%;\">\n<h2 style=\"text-align: right;\">\u0635\u0644\u0627\u0629 \u0627\u0644\u0641\u0627\u062a\u062d<\/h2>\n<\/td>\n<\/tr>\n<\/tbody>\n<\/table>\n<p>Scholars mentioned that if you recite this\u00a0<i>\u1e63alaw\u0101t<\/i>\u00a0one time, it will be as if you have recited\u00a0<i>Dal\u0101\u2019il al-Khayr\u0101t\u00a0<\/i>600,000 times. The value of this\u00a0<i>\u1e63alaw\u0101t<\/i>is greater than if you were to make\u00a0<i>\u1e63alaw\u0101t<\/i>\u00a0on the number of human beings from the time of Sayy\u012bdin\u0101 Adam\u00a0\u0639\u00a0until the Day of Judgment. If you have a problem, every night after\u00a0<i>\u1d9cIsh\u0101<\/i>\u00a0make\u00a0<i>wudu\u00a0<\/i>and pray two\u00a0<i>raka\u1d9cats<\/i>, then ask All\u0101h\u00a0\u0633\u00a0for an opening, reciting\u00a0<i>\u1e62al\u0101t al-F\u0101\u1e6di\u1e25\u00a0<\/i>up to ten times, which is the\u00a0<i>\u1e63al\u0101t\u00a0<\/i>of The Opener that Opens Everything\u00a0\u0635! Continue reciting and don\u2019t say, \u201cI\u2019m fed up and won\u2019t ask anymore,\u201d as you will also be rewarded for your patience.<\/p>\n<h3 dir=\"RTL\">\u0627\u0644\u0644\u064e\u0651\u0647\u064f\u0645\u064e\u0651\u00a0\u0635\u064e\u0644\u0650\u0651\u00a0\u0639\u064e\u0644\u0649\u00a0\u0633\u064e\u064a\u0650\u0651\u062f\u0650\u0646\u064e\u0627\u00a0\u0645\u064f\u062d\u064e\u0645\u064e\u0651\u062f\u064d\u00a0\u0627\u0644\u0641\u0627\u062a\u0650\u062d\u0650\u00a0\u0644\u0650\u0645\u064e\u0627\u00a0\u0623\u064f\u063a\u0652\u0644\u0650\u0642\u064e\u00a0\u0648\u00a0\u0627\u0644\u062e\u0627\u062a\u0650\u0645\u0650\u00a0\u0644\u0650\u0645\u064e\u0627\u00a0\u0633\u064e\u0628\u064e\u0642\u064e\u00a0\u0646\u064e\u0627\u0635\u0650\u0631\u0650\u00a0\u0627\u0644\u062d\u064e\u0642\u0650\u0651\u00a0\u0628\u064e\u0627\u0644\u062d\u064e\u0642\u064e\u0651\u00a0\u0648\u00a0\u0627\u0644\u0647\u064e\u0627\u062f\u0650\u064a\u00a0\u0625\u0644\u0649\u00a0.\u0635\u0650\u0631\u064e\u0627\u0637\u0650\u0643\u064e\u00a0\u0627\u0644\u0645\u064f\u0633\u0652\u062a\u064e\u0642\u0650\u064a\u0645\u0650\u00a0\u0648\u00a0\u0639\u064e\u0644\u064e\u0649\u00a0\u0622\u0644\u0650\u0647\u0650\u00a0\u062d\u064e\u0642\u064e\u0651\u00a0\u0642\u064e\u062f\u0652\u0631\u0650\u0647\u0650\u0648\u00a0\u0645\u0650\u0642\u0652\u062f\u064e\u0627\u0631\u0650\u0647\u0650\u00a0\u0627\u0644\u0639\u064e\u0638\u0650\u064a\u0645<b><i><\/i><\/b><\/h3>\n<p><em>All\u0101humma \u1e63alli \u1d9cal\u0101 Sayy\u012bdin\u0101 Mu\u1e25ammadini \u2018l-F\u0101\u1e6di\u1e25i lim\u0101 ughliq wa \u2018l-kh\u0101timi lim\u0101 sabaq, n\u0101\u1e63iri \u2018l-\u1e25aqqi bi \u2018l-\u1e25aqqi wa \u2018l-h\u0101d\u012b il\u0101 \u1e63ir\u0101tika \u2018l-mustaq\u012bm wa \u1d9cal\u0101 \u0101lihi \u1e25aqqa qadrihi wa miqd\u0101rihi \u2019l-\u1d9ca\u1e93\u012bm.<\/em><\/p>\n<p>O All\u0101h! Bless our Master Mu\u1e25ammad who opened what was closed and who sealed what had gone before; he makes the truth victorious by the truth and he is the guide to Your Straight Path, and bless his Household as it befits his immense stature and splendor.<\/p>\n<p>[\/et_pb_text][\/et_pb_column][\/et_pb_row][\/et_pb_section]<\/p>\n","protected":false},"excerpt":{"rendered":"<p>Salawat al-Fatih \u1e62al\u0101t al-F\u0101\u1e6di\u1e25, Salutation of the Victor \u0635\u0644\u0627\u0629 \u0627\u0644\u0641\u0627\u062a\u062d Scholars mentioned that if you recite this\u00a0\u1e63alaw\u0101t\u00a0one time, it will be as if you have recited\u00a0Dal\u0101\u2019il al-Khayr\u0101t\u00a0600,000 times. The value of this\u00a0\u1e63alaw\u0101tis greater than if you were to make\u00a0\u1e63alaw\u0101t\u00a0on the number of human beings from the time of Sayy\u012bdin\u0101 Adam\u00a0\u0639\u00a0until the Day of Judgment. If [&hellip;]<\/p>\n","protected":false},"author":2,"featured_media":0,"parent":246,"menu_order":0,"comment_status":"closed","ping_status":"closed","template":"","meta":{"_et_pb_use_builder":"on","_et_pb_old_content":"","_et_gb_content_width":"","footnotes":""},"class_list":["post-2408","page","type-page","status-publish","hentry"],"_links":{"self":[{"href":"https:\/\/naqshbandi.org\/bn\/wp-json\/wp\/v2\/pages\/2408","targetHints":{"allow":["GET"]}}],"collection":[{"href":"https:\/\/naqshbandi.org\/bn\/wp-json\/wp\/v2\/pages"}],"about":[{"href":"https:\/\/naqshbandi.org\/bn\/wp-json\/wp\/v2\/types\/page"}],"author":[{"embeddable":true,"href":"https:\/\/naqshbandi.org\/bn\/wp-json\/wp\/v2\/users\/2"}],"replies":[{"embeddable":true,"href":"https:\/\/naqshbandi.org\/bn\/wp-json\/wp\/v2\/comments?post=2408"}],"version-history":[{"count":0,"href":"https:\/\/naqshbandi.org\/bn\/wp-json\/wp\/v2\/pages\/2408\/revisions"}],"up":[{"embeddable":true,"href":"https:\/\/naqshbandi.org\/bn\/wp-json\/wp\/v2\/pages\/246"}],"wp:attachment":[{"href":"https:\/\/naqshbandi.org\/bn\/wp-json\/wp\/v2\/media?parent=2408"}],"curies":[{"name":"wp","href":"https:\/\/api.w.org\/{rel}","templated":true}]}}