{"id":2319,"date":"2021-06-14T08:05:50","date_gmt":"2021-06-14T08:05:50","guid":{"rendered":"https:\/\/naqshbandi.org\/?page_id=2319"},"modified":"2022-09-26T22:30:39","modified_gmt":"2022-09-26T22:30:39","slug":"%e0%a6%a4%e0%a6%bf%e0%a6%a8%e0%a6%9f%e0%a6%bf-%e0%a6%a8%e0%a6%bf%e0%a6%b6%e0%a7%8d%e0%a6%9a%e0%a6%bf%e0%a6%a4%e0%a6%a4%e0%a6%be","status":"publish","type":"page","link":"https:\/\/naqshbandi.org\/bn\/teachings\/suhbat-association\/suhbats-of-mawlana-shaykh-hisham-kabbani\/three-certainties\/","title":{"rendered":"\u09a4\u09bf\u09a8\u099f\u09bf \u09a8\u09bf\u09b6\u09cd\u099a\u09bf\u09a4\u09a4\u09be"},"content":{"rendered":"<p>[et_pb_section fb_built=&#8221;1&#8243; _builder_version=&#8221;4.9.4&#8243; _module_preset=&#8221;default&#8221; background_image=&#8221;https:\/\/naqshbandi.org\/wp-content\/uploads\/2021\/05\/Rectangle-1-2.jpg&#8221; min_height=&#8221;550px&#8221; custom_padding=&#8221;||||false|false&#8221;][\/et_pb_section][et_pb_section fb_built=&#8221;1&#8243; _builder_version=&#8221;4.9.4&#8243; _module_preset=&#8221;default&#8221; background_enable_image=&#8221;off&#8221; background_size=&#8221;initial&#8221; background_position=&#8221;bottom_center&#8221; custom_padding=&#8221;0px|||||&#8221;][et_pb_row column_structure=&#8221;1_5,3_5,1_5&#8243; make_equal=&#8221;on&#8221; _builder_version=&#8221;4.9.4&#8243; _module_preset=&#8221;default&#8221; custom_padding=&#8221;70px||5px||false|false&#8221; custom_css_main_element=&#8221;align-items: center;&#8221; locked=&#8221;off&#8221;][et_pb_column type=&#8221;1_5&#8243; _builder_version=&#8221;4.9.4&#8243; _module_preset=&#8221;default&#8221;][et_pb_image src=&#8221;https:\/\/naqshbandi.org\/wp-content\/uploads\/2021\/05\/Capture1.png&#8221; title_text=&#8221;Capture1&#8243; align=&#8221;right&#8221; align_tablet=&#8221;&#8221; align_phone=&#8221;center&#8221; align_last_edited=&#8221;on|phone&#8221; _builder_version=&#8221;4.9.4&#8243; _module_preset=&#8221;default&#8221;][\/et_pb_image][\/et_pb_column][et_pb_column type=&#8221;3_5&#8243; _builder_version=&#8221;4.9.4&#8243; _module_preset=&#8221;default&#8221;][et_pb_text _builder_version=&#8221;4.9.4&#8243; _module_preset=&#8221;default&#8221; header_2_font=&#8221;Anglecia Pro Display||||||||&#8221; header_2_text_align=&#8221;center&#8221; header_2_text_color=&#8221;#05290d&#8221; header_2_font_size=&#8221;62px&#8221; custom_margin=&#8221;-23px||||false|false&#8221; custom_padding=&#8221;|0px||||&#8221; hover_enabled=&#8221;0&#8243; header_2_font_size_tablet=&#8221;&#8221; header_2_font_size_phone=&#8221;40px&#8221; header_2_font_size_last_edited=&#8221;on|phone&#8221; sticky_enabled=&#8221;0&#8243;]<\/p>\n<h2>Three Certainties<\/h2>\n<p>[\/et_pb_text][\/et_pb_column][et_pb_column type=&#8221;1_5&#8243; _builder_version=&#8221;4.9.4&#8243; _module_preset=&#8221;default&#8221;][et_pb_image src=&#8221;https:\/\/naqshbandi.org\/wp-content\/uploads\/2021\/05\/Capture.png&#8221; title_text=&#8221;Capture&#8221; align=&#8221;right&#8221; align_tablet=&#8221;&#8221; align_phone=&#8221;center&#8221; align_last_edited=&#8221;on|phone&#8221; _builder_version=&#8221;4.9.4&#8243; _module_preset=&#8221;default&#8221;][\/et_pb_image][\/et_pb_column][\/et_pb_row][et_pb_row _builder_version=&#8221;4.9.4&#8243; _module_preset=&#8221;default&#8221;][et_pb_column type=&#8221;4_4&#8243; _builder_version=&#8221;4.9.4&#8243; _module_preset=&#8221;default&#8221;][et_pb_text content_last_edited=&#8221;off|desktop&#8221; _builder_version=&#8221;4.9.4&#8243; _module_preset=&#8221;default&#8221; text_font=&#8221;Nunito Sans||||||||&#8221; text_text_color=&#8221;#000000&#8243; text_font_size=&#8221;16px&#8221; hover_enabled=&#8221;0&#8243; locked=&#8221;off&#8221; sticky_enabled=&#8221;0&#8243;]<\/p>\n<p>A S\u016bf\u012b leader must have \u2018<i>Ilmu\u2018l-Yaq\u012bn, \u2018Aynu\u2018l-Yaq\u012bn, Haqqu\u2018l-Yaq\u012bn\u00a0<\/i>\u2013 the Knowledge of Certainty, the Vision of Certainty, the Truth of Certainty.\u00a0 First is the \u201cknowledge of certainty,\u201d which is the necessity to know that there is such knowledge and to hear about it.\u00a0 When you hear it, you go to the second level, but you have to hear first.\u00a0 That is why God in Qur\u2019\u0101n, as well as all the S\u016bf\u012b masters, from Jal\u0101ludd\u012bn R\u016bm\u012b to Ibn al-Hish\u0101m, to Hallaj, to Ab\u0101 Yaz\u012bd al-Bist\u0101m\u012b, mention hearing as the first thing.\u00a0 Knowledge cannot come by seeing first but from a teacher that is heard, even for a blind man.\u00a0 A deaf person, on the other hand, cannot even begin to get knowledge.\u00a0 When the Archangel Gabriel (as) came to the Prophet (s), the first thing he said to him was\u00a0 \u201c<i>Read<\/i>,\u201d and the Prophet (s) was hearing and listening.\u00a0 That is why Sufism is giving orders which one fulfills by hearing, not by seeing.<\/p>\n<p>This first level is not achieved by hearing and not caring, but by hearing, accepting and fulfilling through action! If your Shaykh says to go to the mountain and stay there until I come, and he does not show up, you will stay there for years, until he appears, if you do not do that, you are still a child in S\u016bf\u012b knowledge.\u00a0 In the Naqshband\u012b order you have to obey, and obedience comes through hearing.\u00a0 If you do it, then you move up to the second level.<\/p>\n<p>Once, Grand-Grandshaykh Shaykh Sharafuddin said, in a meeting of big masters, as Grandshaykh was on his way to meet them \u2013 still a teenager at the time \u2013 as they sat in a remote place far outside the city: \u00a0\u201cMy son \u2018Abdull\u0101h Effendi has reached a level where no one has set foot yet \u2013 not myself, nor all the Golden Chain masters.\u00a0 He is only 18 and I am 60, yet he has reached a level that is higher than mine and all the Golden Chain masters that have passed away.\u00a0 If I am going to send him a child of seven years to tell him, \u201cYour Shaykh is ordering you to direct yourself to Mecca for pilgrimage,\u201d from Daghestan here in the middle of Russia, he will immediately think, without coming and asking me for confirmation whether this is true or not, \u201cWho is making that child speak? My Shaykh has to know even before I know.\u00a0 Otherwise, how have I accepted him as a Shaykh and yet represent him as not knowing anything? If my Shaykh doesn\u2019t know, who will know?\u201d Immediately he will believe the child, and without going back to his house to tell his mother or his wife that he wants to go to pilgrimage; without taking any clothes, money, or food, he will direct himself to Makkah which is 10,000 miles away, walking, without asking anything.\u00a0 He will know the order comes from me and will simply change the direction of his walk.\u201d<\/p>\n<p>This is \u201c<i>Wahdatu\u2018l-af\u2019al<\/i>,\u201d Unification of actions or deeds or words \u2013 you must see everything as coming from God.\u00a0 This is a higher level in S\u016bf\u012b knowledge.\u00a0 You cannot see people doing anything anymore, but you must consider them instruments in the hands of God.\u00a0 Leave the child \u2013 if Shaykh N\u0101zim comes to you and says, \u201cGo to Mecca,\u201d you will say, \u201cOkay, my Shaykh, but I have to buy a ticket, and I have to see if my wife gives me permission\u2026\u201d\u00a0 In the Naqshband\u012b order you cannot do all this.\u00a0 You have to move immediately.<\/p>\n<p>The second level is\u00a0<i>\u2018Aynu\u2018l-Yaq\u012bn<\/i>, the true vision.\u00a0 At that time you are going to see things around you, but without feeling.\u00a0 It will be like a screen which is lifted only in the third level,\u00a0<i>Haqqu\u2018l-Yaq\u012bn<\/i>, the reality of truth \u2013 you are there and living that incident.\u00a0 If Grandshaykh is saying what we were saying before about the Prophet (s), how he was taken and how his heart was washed, at hearing this you are going to live that event as if you were living and feeling everything at that time.\u00a0 If Mawl\u0101n\u0101 Shaykh N\u0101zim is talking about an incident which happened 500 years ago, for example, you are going to live as if you were living at that time, hearing, seeing and feeling what they were hearing, seeing and feeling, juts as if you were one of them.<\/p>\n<p>This is the S\u016bf\u012b taste and the knowledge of the Naqshband\u012b order which connects its seekers to the Golden Chain.\u00a0 This cannot be opened until the time of Mahd\u012b (as) \u2013 unless, for some special followers, Mawl\u0101n\u0101 Shaykh N\u0101zim opens it with permission from the Prophet (s).\u00a0 It is not common to all.\u00a0 The rest must wait for the support of Mahd\u012b\u2019s power to enter that level, otherwise people will be condemned for speaking about what they see.<\/p>\n<p>In the Naqshband\u012b order the Shaykh can never make you be different from people and this is the perfect order: \u00a0you see the Shaykh who has all this power, feeling everything and living all the events, and describing them, yet behaving as an ordinary person.\u00a0 The Shaykh will therefore never accept to open knowledge for you if you are not ready and if he sees that you are going to show what he gave you to the public.\u00a0 That is why there is no permission yet for that door to be opened.<\/p>\n<p>Wa mina-ll\u0101hit-tawf\u012bq bi hurmat\u00ec\u2018l-F\u0101tihah.<\/p>\n<p>[\/et_pb_text][\/et_pb_column][\/et_pb_row][\/et_pb_section]<\/p>\n","protected":false},"excerpt":{"rendered":"<p>Three CertaintiesA S\u016bf\u012b leader must have \u2018Ilmu\u2018l-Yaq\u012bn, \u2018Aynu\u2018l-Yaq\u012bn, Haqqu\u2018l-Yaq\u012bn\u00a0\u2013 the Knowledge of Certainty, the Vision of Certainty, the Truth of Certainty.\u00a0 First is the \u201cknowledge of certainty,\u201d which is the necessity to know that there is such knowledge and to hear about it.\u00a0 When you hear it, you go to the second level, but you [&hellip;]<\/p>\n","protected":false},"author":2,"featured_media":0,"parent":1662,"menu_order":0,"comment_status":"closed","ping_status":"closed","template":"","meta":{"_et_pb_use_builder":"on","_et_pb_old_content":"","_et_gb_content_width":"","footnotes":""},"class_list":["post-2319","page","type-page","status-publish","hentry"],"_links":{"self":[{"href":"https:\/\/naqshbandi.org\/bn\/wp-json\/wp\/v2\/pages\/2319","targetHints":{"allow":["GET"]}}],"collection":[{"href":"https:\/\/naqshbandi.org\/bn\/wp-json\/wp\/v2\/pages"}],"about":[{"href":"https:\/\/naqshbandi.org\/bn\/wp-json\/wp\/v2\/types\/page"}],"author":[{"embeddable":true,"href":"https:\/\/naqshbandi.org\/bn\/wp-json\/wp\/v2\/users\/2"}],"replies":[{"embeddable":true,"href":"https:\/\/naqshbandi.org\/bn\/wp-json\/wp\/v2\/comments?post=2319"}],"version-history":[{"count":0,"href":"https:\/\/naqshbandi.org\/bn\/wp-json\/wp\/v2\/pages\/2319\/revisions"}],"up":[{"embeddable":true,"href":"https:\/\/naqshbandi.org\/bn\/wp-json\/wp\/v2\/pages\/1662"}],"wp:attachment":[{"href":"https:\/\/naqshbandi.org\/bn\/wp-json\/wp\/v2\/media?parent=2319"}],"curies":[{"name":"wp","href":"https:\/\/api.w.org\/{rel}","templated":true}]}}