{"id":750,"date":"2021-05-27T07:43:20","date_gmt":"2021-05-27T07:43:20","guid":{"rendered":"https:\/\/naqshbandi.org\/?page_id=750"},"modified":"2023-02-13T21:04:14","modified_gmt":"2023-02-13T21:04:14","slug":"%d9%82%d9%8a%d8%a7%d9%85-%d8%a7%d9%84%d9%84%d9%8a%d9%84","status":"publish","type":"page","link":"https:\/\/naqshbandi.org\/ar\/practices\/prayer\/qiyam-al-layl\/","title":{"rendered":"\u0642\u064a\u0627\u0645 \u0627\u0644\u0644\u064a\u0644"},"content":{"rendered":"<p>[et_pb_section fb_built=&#8221;1&#8243; _builder_version=&#8221;4.18.0&#8243; _module_preset=&#8221;default&#8221; background_image=&#8221;https:\/\/naqshbandi.org\/wp-content\/uploads\/2021\/05\/U1M_6256-copy.jpg&#8221; min_height=&#8221;550px&#8221; min_height_tablet=&#8221;&#8221; min_height_phone=&#8221;&#8221; min_height_last_edited=&#8221;on|phone&#8221; custom_padding=&#8221;||||false|false&#8221; global_colors_info=&#8221;{}&#8221;][\/et_pb_section][et_pb_section fb_built=&#8221;1&#8243; _builder_version=&#8221;4.16&#8243; _module_preset=&#8221;default&#8221; background_enable_image=&#8221;off&#8221; background_size=&#8221;initial&#8221; background_position=&#8221;bottom_center&#8221; custom_padding=&#8221;0px|||||&#8221; global_colors_info=&#8221;{}&#8221;][et_pb_row column_structure=&#8221;1_5,3_5,1_5&#8243; make_equal=&#8221;on&#8221; _builder_version=&#8221;4.16&#8243; _module_preset=&#8221;default&#8221; custom_padding=&#8221;70px||5px||false|false&#8221; custom_css_main_element=&#8221;align-items: center;&#8221; locked=&#8221;off&#8221; global_colors_info=&#8221;{}&#8221;][et_pb_column type=&#8221;1_5&#8243; _builder_version=&#8221;4.16&#8243; _module_preset=&#8221;default&#8221; global_colors_info=&#8221;{}&#8221;][et_pb_image src=&#8221;https:\/\/naqshbandi.org\/wp-content\/uploads\/2021\/05\/Capture1.png&#8221; title_text=&#8221;Capture1&#8243; align=&#8221;right&#8221; align_tablet=&#8221;&#8221; align_phone=&#8221;center&#8221; align_last_edited=&#8221;on|phone&#8221; _builder_version=&#8221;4.16&#8243; _module_preset=&#8221;default&#8221; global_colors_info=&#8221;{}&#8221;][\/et_pb_image][\/et_pb_column][et_pb_column type=&#8221;3_5&#8243; _builder_version=&#8221;4.16&#8243; _module_preset=&#8221;default&#8221; global_colors_info=&#8221;{}&#8221;][et_pb_text _builder_version=&#8221;4.16&#8243; _module_preset=&#8221;default&#8221; header_2_font=&#8221;Anglecia Pro Display||||||||&#8221; header_2_text_align=&#8221;center&#8221; header_2_text_color=&#8221;#05290d&#8221; header_2_font_size=&#8221;62px&#8221; custom_margin=&#8221;-23px||||false|false&#8221; custom_padding=&#8221;|0px||||&#8221; header_2_font_size_tablet=&#8221;&#8221; header_2_font_size_phone=&#8221;40px&#8221; header_2_font_size_last_edited=&#8221;on|phone&#8221; global_colors_info=&#8221;{}&#8221;]<\/p>\n<h2>Qiyamu \u2018l-Layl (Night Vigil)<\/h2>\n<p>[\/et_pb_text][\/et_pb_column][et_pb_column type=&#8221;1_5&#8243; _builder_version=&#8221;4.16&#8243; _module_preset=&#8221;default&#8221; global_colors_info=&#8221;{}&#8221;][et_pb_image src=&#8221;https:\/\/naqshbandi.org\/wp-content\/uploads\/2021\/05\/Capture.png&#8221; title_text=&#8221;Capture&#8221; align_tablet=&#8221;&#8221; align_phone=&#8221;center&#8221; align_last_edited=&#8221;on|phone&#8221; _builder_version=&#8221;4.16&#8243; _module_preset=&#8221;default&#8221; global_colors_info=&#8221;{}&#8221;][\/et_pb_image][\/et_pb_column][\/et_pb_row][et_pb_row make_equal=&#8221;on&#8221; _builder_version=&#8221;4.16&#8243; _module_preset=&#8221;default&#8221; custom_css_main_element=&#8221;align-items:center;&#8221; global_colors_info=&#8221;{}&#8221;][et_pb_column type=&#8221;4_4&#8243; _builder_version=&#8221;4.16&#8243; _module_preset=&#8221;default&#8221; global_colors_info=&#8221;{}&#8221;][et_pb_text _builder_version=&#8221;4.16&#8243; _module_preset=&#8221;default&#8221; text_font=&#8221;Nunito Sans||||||||&#8221; text_text_color=&#8221;#000000&#8243; text_font_size=&#8221;16px&#8221; global_colors_info=&#8221;{}&#8221;]<\/p>\n<p>One should get up at least one hour before Fajr since it is at this time that the gate of the Mercy of God, Who is Powerful and Sublime, is opened and the time when the great shaykhs look at their <em>mur\u012bds<\/em>. One should get up and perform ablution and perform two cycles <em>(rak`at<\/em>s) of Tah\u012byyatu `l-wudu and then stand up, facing the Qiblah and ask that God, Exalted and Glorious, to purify oneself from the anger of one\u2019s ego (<em>nafs)<\/em> and, with this intention, one should then recite Y\u0101 Hal\u012bm 100 times, and then one should seek protection from one\u2019s external and internal enemies, and from both heavenly and earthly misfortune, reciting Y\u0101 Haf\u012bzh 100 times.<\/p>\n<p>Whoever wishes to reach the station of the People of Determination must keep up these practices. Our shaykhs tell us about the importance of this time and its virtues, saying: \u201cIf a person gets up one hour before Fajr and does nothing, not even praying, not even making tasb\u012bh, but gets up to drink something, such as coffee or tea, or eat a morsel of food, then he must also be raised with the vigilant people (ahlu `s-sahar).\u201d<\/p>\n<h3>Sal\u0101tu \u2019n-Naj\u0101t<\/h3>\n<p>Sal\u0101tu \u2019n-Naj\u0101t, the Prayer of Salvation, is prayed according to the following steps:<\/p>\n<table>\n<tbody>\n<tr>\n<td width=\"49%\">\n<p><span>In the first <\/span><em>rak`at <\/em><span>read S\u016bratu \u2019l-F\u0101tihah as usual.<\/span><\/p>\n<\/td>\n<td width=\"3%\"><\/td>\n<td width=\"46%\">\n<p style=\"text-align: right;\"><span><br \/><strong>\u0627\u0644\u0641\u0627\u062a\u062d\u0629 \u0627\u0644\u0634\u0631\u064a\u0641\u0629<\/strong><\/span><\/p>\n<\/td>\n<\/tr>\n<tr>\n<td width=\"49%\">\n<p style=\"text-align: left;\"><span>This is followed by reading the Verse of the Throne (2:255) and (3:18-19), and (3:26-27).<\/span><\/p>\n<\/td>\n<td width=\"3%\"><\/td>\n<td width=\"46%\"><\/td>\n<\/tr>\n<tr>\n<td width=\"49%\">\n<h4><b><span>\u0100yatu \u2019l-Kurs\u012b<\/span><\/b><b><span><br \/>(The Verse of the Throne)<\/span><\/b><\/h4>\n<h4><b><span>Chapter 2, Verse 255<\/span><\/b><\/h4>\n<p><span>All\u0101h\u016b l\u0101 il\u0101ha illa h\u016bwa \u2019l-hayyu \u2019l-Qayy\u016bm, l\u0101 t\u0101khudhuh\u016b \u2019s-sinatun wa l\u0101 nawm, lah\u016b m\u0101 f\u012b \u2019s-sam\u0101w\u0101ti wa m\u0101 f\u012b \u2019l-ard. Man dh\u0101-ladh\u012b yashfa`u `indah\u016b ill\u0101 bi idhnih ya`lamu m\u0101 bayna ayd\u012bhim wa m\u0101 khalfahum wa l\u0101 yuh\u012btun\u0101 bi-shay\u2019in min `ilmihi ill\u0101 bim\u0101 sh\u0101\u2019. Wasi`a kurs\u012byyuhu \u2019s-sam\u0101w\u0101ti wa \u2019l-arda, wa l\u0101 ya\u2019uduh\u016b hifzhuhuma, wa h\u016bwa \u2019l-`Al\u012byyu \u2019l-`Azh\u012bm.<\/span><\/p>\n<\/td>\n<td width=\"3%\"><\/td>\n<td width=\"46%\">\n<p style=\"text-align: right;\"><strong>\u0622\u064a\u0629\u064f \u0627\u0644\u0643\u064f\u0631\u0652\u0633\u064a <span style=\"font-size: 16px;\">\u0627\u0644\u0628\u0642\u0631\u0629 255:2<\/span><\/strong><\/p>\n<p style=\"text-align: right;\"><span><br \/>\u0627\u0644\u0644\u0647\u064f \u0644\u0627 \u0625\u0644\u0647\u064e \u0625\u0644\u0627 \u0647\u064f\u0648\u064e \u0627\u0644\u062d\u064a\u064f\u0651 \u0627\u0644\u0642\u064e\u064a\u064f\u0651\u0648\u0645 \u0644\u0627 \u062a\u064e\u0623\u062e\u064f\u0630\u064f\u0647\u064f \u0633\u0650\u0646\u0651\u0629\u064f \u0648\u0644\u0627 \u0646\u064e\u0648\u0652\u0645\u064c<br \/>\u0644\u0651\u0647\u064f \u0645\u0627 \u0641\u064a \u0627\u0644\u0633\u0645\u0627\u0648\u0627\u062a \u0648\u0645\u0627 \u0641\u064a \u0627\u0644\u0623\u0631\u0652\u0636\u0650 \u0645\u0646 \u0630\u0627 \u0627\u0644\u0630\u064a \u064a\u064e\u0634\u0652\u0641\u064e\u0639\u064f \u0639\u0650\u0646\u0652\u062f\u064e\u0647\u064f \u0625\u0644\u0627<br \/>\u0628\u0650\u0625\u0630\u0652\u0646\u0650\u0647\u0650 \u064a\u064e\u0639\u0652\u0644\u064e\u0645\u064f \u0645\u0627 \u0641\u064a \u0628\u064a\u064e\u0652\u0646\u064e \u0623\u064a\u0652\u062f\u064a\u0647\u0650\u0645 \u0648\u0645\u0627 \u062e\u064e\u0644\u0641\u064e\u0647\u064f\u0645 \u0648\u0644\u0627 \u064a\u064f\u062d\u064a\u0650\u0637\u064f\u0648\u0646\u064e<br \/>\u0628\u0650\u0634\u064e\u064a\u0652\u0621\u064d \u0645\u0646 \u0639\u0650\u0644\u0652\u0645\u0650\u0647\u0650 \u0625\u0644\u0627 \u0628\u0650\u0645\u0627 \u0634\u0627\u0621 \u0648\u064e\u0633\u0650\u0639\u064f \u0643\u064f\u0631\u0652\u0633\u064a\u0650\u0651\u0647\u064f \u0627\u0644\u0633\u064e\u0645\u0627\u0648\u0627\u062a\u0650 \u0648\u0627\u0644\u0623\u0631\u0652\u0636\u064e<br \/>\u0648\u0644\u0627<\/span><br \/><span><br \/>\u064a\u064e\u0624\u064f\u062f\u064f\u0647\u064f<\/span><span><br \/>\u062d\u0650\u0641\u0652\u0638\u064f\u0647\u064f\u0645\u0627 \u0648\u0647\u064f\u0648\u064e \u0627\u0644\u0639\u064e\u0644\u064a\u064f\u0651 \u0627\u0644\u0639\u064e\u0638\u064a\u0645\u064f<\/span><\/p>\n<\/td>\n<\/tr>\n<tr>\n<td width=\"49%\">\n<p><span><br \/>Sadaq-All\u0101<\/span><span>hu `l-`A<\/span><span>zh\u012b<\/span><span>m.<\/span><\/p>\n<\/td>\n<td width=\"3%\"><\/td>\n<td width=\"46%\">\n<p style=\"text-align: right;\"><span>\u0635\u062f\u0642 \u0627\u0644\u0644\u0647 <\/span><span>\u0627\u0644\u0639\u064e\u0638\u064a\u0645\u064f<\/span><\/p>\n<\/td>\n<\/tr>\n<tr>\n<td colspan=\"3\" width=\"100%\">\n<p><span>God! There is no god but he \u2013 the Living, the Self-subsisting, Eternal. No slumber can seize Him nor sleep. his are all things in the heavens and<br \/>on earth. Who is there can intercede in His presence except as He permits? He knows what (appears to His creatures as) before or after or behind them. Nor shall they compass aught of His knowledge except as He wills. His Throne extends over the heavens and the earth, and He feels no fatigue in guarding and preserving them for He is the Most high, the Supreme (in glory).\u00a0<\/span><span><br \/><\/span><\/p>\n<p><span>God speaks the Truth.<\/span><\/p>\n<\/td>\n<\/tr>\n<tr>\n<td width=\"49%\">\n<h4><b><span>Chapter 3, Verse 18-19<\/span><\/b><\/h4>\n<p><span><br \/>Shahid-All\u0101hu annah\u016b l\u0101 il\u0101ha illa h\u016b. Wa \u2019l-mal\u0101\u2019ikatu wa \u016blu \u2019l-`ilmi q\u0101\u2019iman bi \u2019l-qist. L\u0101 il\u0101ha illa h\u016b al-`Az\u012bzu \u2019l-hak\u012bm. Inna \u2019d-d\u012bna `ind All\u0101hi \u2019l-isl\u0101m.<\/span><\/p>\n<\/td>\n<td width=\"3%\"><\/td>\n<td width=\"46%\">\n<p style=\"text-align: right;\"><strong>\u0633\u0648\u0631\u0629 \u0622\u0644 \u0639\u0645\u0631\u0627\u0646 18-19<\/strong><\/p>\n<p style=\"text-align: right;\"><span><br \/>\u0634\u064e\u0647\u0650\u062f \u0627\u0644\u0644\u0647\u064e \u0623\u0646\u064e\u0651\u0647\u064f \u0644\u0627 \u0625\u0644\u0647 \u0625\u0644\u0627 \u0647\u064f\u0648\u064e \u0648\u0627\u0644\u0645\u064e\u0644\u0627\u0626\u0650\u0643\u0629\u064f \u0648\u0623\u0648\u0644\u064f\u0648 \u0627\u0644\u0639\u0650\u0644\u0652\u0645\u0650 \u0642\u0627\u0626\u0650\u0645\u064b\u0627<br \/>\u0628\u0650\u0627\u0644\u0642\u0650\u0633\u0652\u0637\u0650 \u0644\u0627 \u0625\u0644\u0647 \u0625\u0644\u0627 \u0647\u064f\u0648\u064e \u0627\u0644\u0639\u064e\u0632\u064a\u0632\u064f \u0627\u0644\u062d\u064e\u0643\u064a\u0645\u064f \u0625\u0646\u064e\u0651 \u0627\u0644\u062f\u064a\u0646\u0650 \u0639\u0650\u0646\u0652\u062f\u064e \u0644\u0644\u0647\u0650<br \/>\u0627\u0644\u0625\u0633\u0652\u0644\u0627\u0645<\/span><\/p>\n<\/td>\n<\/tr>\n<tr>\n<td colspan=\"3\" width=\"100%\">\n<p><span>God bears witness that there is no god but he\u2014and the angels and men of knowledge\u2014upholding justice; there is no god but he, the Mighty, the Wise. The religion with God is Islam.<\/span><\/p>\n<\/td>\n<\/tr>\n<tr>\n<td width=\"49%\">\n<h4><b><span>Chapter 3, Verse 26-27<\/span><\/b><\/h4>\n<p><span>Qul \u2019ill\u0101humma M\u0101lik al-mulki. Tu\u2019t\u012b \u2019l-mulka man tasha\u2019u wa tanzi`u\u2019l-mulka mimman tash\u0101\u2019u wa tu`izzu man tash\u0101\u2019u wa tudhillu man tash\u0101\u2019u, bi yadika \u2019l-khayr, innaka `al\u0101 kulli shay\u2019in qad\u012br. T\u016bliju \u2019l-layla f\u012b \u2019n-nah\u0101ri wa t\u016bliju nah\u0101ra f\u012b \u2019l-layl, wa tukhriju \u2019l-h\u0101yya mina&#8217;l-mayyiti, wa tukhriju \u2019l-mayyita mina \u2019l-h\u0101yy, wa tarzuqu man tash\u0101\u2019u bi ghayri his\u0101b.<\/span><\/p>\n<\/td>\n<td width=\"3%\"><\/td>\n<td width=\"46%\">\n<p style=\"text-align: right;\"><strong>\u0633\u0648\u0631\u0629 \u0622\u0644 \u0639\u0645\u0631\u0627\u0646 26-27<\/strong><\/p>\n<p style=\"text-align: right;\"><span><br \/>\u0642\u0644 \u0627\u0644\u0644\u064e\u0651\u0647\u064f\u0645\u064e\u0651 \u0645\u0627\u0644\u0643\u064f \u0627\u0644\u0645\u064f\u0644\u0652\u0643\u0650 \u062a\u0624\u0652\u062a\u064a \u0627\u0644\u0645\u064f\u0644\u0652\u0643\u064e \u0645\u0646 \u062a\u0634\u0627\u0621 \u0648\u062a\u064e\u0646\u0652\u0632\u0650\u0639 \u0627\u0644\u0645\u064f\u0644\u0652\u0643\u064e<br \/>\u0645\u0650\u0645\u064e\u0651\u0646 \u062a\u0634\u0627\u0621 \u0648\u062a\u064f\u0639\u0650\u0632\u064f \u0645\u0646 \u200f\u062a\u0634\u0627\u0621 \u0648\u062a\u064f\u0630\u0650\u0644\u064f \u0645\u0646 \u062a\u0634\u0627\u0621\u064f \u0628\u0650\u064a\u064e\u062f\u0650\u0643\u064e \u0627\u0644\u062e\u064e\u064a\u064f\u0631\u064e\u0625\u0646\u0643\u064e \u0639\u0644\u0649<br \/>\u0643\u064f\u0644\u0650\u0651 \u0634\u064a\u0621\u064d \u0642\u062f\u064a\u0631 \u062a\u064f\u0648\u0644\u0650\u062c\u064f \u0627\u0644\u0644\u064e\u064a\u0652\u0644\u064e \u0641\u064a \u0627\u0644\u0646\u064e\u0647\u0627\u0631\u0650 \u0648\u062a\u064f\u0648\u0644\u0650\u062c\u064f \u0627\u0644\u0646\u064e\u0647\u0627\u0631\u064e \u0641\u064a<br \/>\u0627\u0644\u0644\u064e\u064a\u0652\u0644\u0650 \u0648\u062a\u064f\u062e\u0652\u0631\u0650\u062c\u064f \u0627\u0644\u062d\u064a\u064e\u0651 \u0645\u0646 \u0627\u0644\u0645\u064e\u064a\u0650\u0651\u062a\u0650 \u0648\u062a\u064f\u062e\u0652\u0631\u0650\u062c\u064f \u0627\u0644\u0645\u064e\u064a\u0650\u0651\u062a\u064e \u0645\u0646 \u0627\u0644\u062d\u064a\u0650\u0651<br \/>\u0648\u062a\u064e\u0631\u0652\u0632\u064f\u0642\u064f \u0645\u0646 \u062a\u064e\u0634\u0627\u0621\u064f \u0628\u0650\u063a\u064e\u064a\u0652\u0631\u0650 \u062d\u0650\u0633\u0627\u0628\u0650<\/span><\/p>\n<\/td>\n<\/tr>\n<tr>\n<td colspan=\"3\" width=\"100%\">\n<p><span>Say: O God, Master of the Kingdom, You give the Kingdom to whom You will, and seize the Kingdom from whom You will, You exalt whom You will, and You abase whom You will; in Your hand is all good; Verily You are over all things Powerful. You make the night to enter into the day, and You make the day to enter into the night, You bring forth the living from the dead, and You bring forth the dead from the living, and You provide for whomsoever You will without reckoning.<\/span><\/p>\n<\/td>\n<\/tr>\n<tr>\n<td width=\"49%\">\n<p><span>In the second <\/span><span><em>rak`at<\/em>, read the\u00a0F\u0101tihah.<\/span><\/p>\n<\/td>\n<td width=\"3%\"><\/td>\n<td width=\"46%\">\n<p style=\"text-align: right;\"><span><br \/>\u062a\u0642\u0631\u0623 \u0641\u064a \u0627\u0644\u0631\u0643\u0639\u0629 \u0627\u0644\u062b\u0627\u0646\u064a\u0629 \u0628\u0639\u062f \u0627\u0644\u0641\u0627\u062a\u062d\u0629 \u0627\u0644\u0634\u0631\u064a\u0641\u0629<\/span><\/p>\n<\/td>\n<\/tr>\n<tr>\n<td width=\"49%\">\n<h4><b><span>S\u016bratu \u2019l-Ikhl\u0101\u0161 (11 times).<\/span><\/b><\/h4>\n<\/td>\n<td width=\"3%\"><\/td>\n<td width=\"46%\">\n<p style=\"text-align: right;\"><strong>\u0633\u0648\u0631\u0629 \u0627\u0644\u0627\u062e\u0644\u0627\u0635 (11 \u0645\u0631\u0627\u062a)<\/strong><\/p>\n<\/td>\n<\/tr>\n<tr>\n<td width=\"49%\">\n<p><span>After completing the <em>tasl\u012bm<\/em> (final <em>sal\u0101m<\/em> right and left), go into prostration with the intention of asking God to rid your heart of all envy.<\/span><\/p>\n<\/td>\n<td width=\"3%\"><\/td>\n<td width=\"46%\">\n<p style=\"text-align: right;\"><span><br \/>\u0628\u0639\u062f \u0627\u0644\u062a\u0633\u0644\u064a\u0645 \u0645\u0646 \u0627\u0644\u0635\u0644\u0627\u0629\u00a0<\/span><span>\u062a\u062f\u0639\u0648\u0627 \u0628\u0647\u0630\u0627 \u0627\u0644\u062f\u0639\u0627\u0621<\/span><\/p>\n<\/td>\n<\/tr>\n<tr>\n<td width=\"49%\">\n<h4><em><b>Du`a<\/b><\/em><\/h4>\n<p><span>Y\u0101 Rabb\u012b, kam\u0101 t\u0101kulu \u2019n-n\u0101ru \u2019l-hataba h\u0101kadha y\u0101kulu `amal\u012byy jam\u012b`an al-hasadu mu\u2019tasila f\u012byya. Y\u0101 Rabb\u012b khalli\u0161n\u012b minhu wa khalli\u0161n\u012b mina \u2019l-ghadabi \u2019n-nafs\u0101n\u012b wa min nafsi \u2019t-tifli \u2019l-madhmumati wa mina \u2019l-akhl\u0101qi \u2019dh-dham\u012bma y\u0101 Rabb\u012b wa baddil akhl\u0101q\u012b ila akhl\u0101qin ham\u012bdatin wa af`\u0101lin hasana.<\/span><\/p>\n<\/td>\n<td width=\"3%\"><\/td>\n<td width=\"46%\">\n<p style=\"text-align: right;\"><strong>\u062f\u0639\u0627\u0621<\/strong><\/p>\n<p style=\"text-align: right;\"><span>\u064a\u0627 \u0631\u064e\u0628\u0650\u0651\u064a \u0643\u0645\u0627 \u062a\u0623\u0643\u064f\u0644\u064f \u0627\u0644\u0646\u0627\u0631\u064f \u0627\u0644\u062d\u064e\u0637\u064e\u0628\u064e \u0647\u064e\u0643\u064e\u0630\u0627 \u0627\u0644\u062d\u064e\u0633\u064e\u062f\u064f \u0627\u0644\u0645\u064f\u062a\u064e\u0623\u0635\u0650\u0651\u0644\u064f \u0641\u064a\u0650\u0651<br \/>\u064a\u0623\u0643\u0644 \u062c\u064e\u0645\u064a\u0639 \u0623\u0639\u0652\u0645\u0627\u0644\u064a. \u064a\u0627 \u0631\u064e\u0628\u0650\u0651\u064a \u062e\u064e\u0644\u0650\u0651\u0635\u0652\u0646\u064a \u0645\u0646\u0647 \u0648\u0645\u0646\u064e \u0627\u0644\u063a\u064e\u0636\u064e\u0628\u0650 \u0627\u0644\u0646\u064e\u0641\u0652\u0633\u0627\u0646\u0650\u064a<br \/>\u0648\u0645\u0646 \u0646\u064e\u0641\u0652\u0633\u0650\u0650 \u0627\u0644\u0637\u0650\u0641\u0652\u0644\u0650\u0650 \u0627\u0644\u0645\u064e\u0630\u0652\u0645\u064f\u0648\u0645\u0629\u0650 \u0648\u0645\u0646 \u0627\u0644\u0623\u062e\u0652\u0644\u0627\u0642\u0650 \u0627\u0644\u0630\u0645\u064a\u0645\u0629 \u0648\u064a\u0627 \u0631\u064e\u0628\u0650\u0651\u064a<br \/>\u0628\u064e\u062f\u0650\u0651\u0644\u0652 \u0643\u064f\u0644\u064f\u0651 \u0623\u062e\u0652\u0644\u0627\u0642\u0650\u0650\u064a \u0625\u0644\u0649 \u0623\u062e\u0652\u0644\u0627\u0642\u064d \u062d\u064e\u0645\u064a\u062f\u0629\u0650 \u0648\u0623\u0641\u0652\u0639\u0627\u0644\u064d \u062d\u064e\u0633\u064e\u0646\u0629<\/span><\/p>\n<\/td>\n<\/tr>\n<tr>\n<td colspan=\"3\" width=\"100%\">\n<p><span>O my Lord! Just as fire consumes firewood, in the same way the envy which is rooted in me consumes all my actions. Purify me, O my Lord, from it and purify me, too, from the anger of my ego. Rid me as well, O my Lord, of the blameworthy ego of the child and reprehensible manners. And, O my Lord, change all my manners to laudable manners and into good actions.<\/span><\/p>\n<\/td>\n<\/tr>\n<\/tbody>\n<\/table>\n<p>[\/et_pb_text][\/et_pb_column][\/et_pb_row][et_pb_row make_equal=&#8221;on&#8221; _builder_version=&#8221;4.16&#8243; _module_preset=&#8221;default&#8221; custom_css_main_element=&#8221;align-items:center;&#8221; global_colors_info=&#8221;{}&#8221;][et_pb_column type=&#8221;4_4&#8243; _builder_version=&#8221;4.16&#8243; _module_preset=&#8221;default&#8221; global_colors_info=&#8221;{}&#8221;][et_pb_text _builder_version=&#8221;4.18.0&#8243; _module_preset=&#8221;default&#8221; text_font=&#8221;||||||||&#8221; text_text_color=&#8221;#000000&#8243; text_font_size=&#8221;16px&#8221; hover_enabled=&#8221;0&#8243; global_colors_info=&#8221;{}&#8221; sticky_enabled=&#8221;0&#8243;]<\/p>\n<table style=\"height: 46px;\">\n<tbody>\n<tr style=\"height: 46px;\">\n<td style=\"height: 46px; width: 321px;\">\n<h4><strong>When <em>tasb\u012b\u0127<\/em><\/strong> <strong style=\"font-size: 18px;\">is recited<\/strong><\/h4>\n<\/td>\n<\/tr>\n<\/tbody>\n<\/table>\n<h3>\u0160al\u0101tu \u2019t-Tasb\u012b\u0127<\/h3>\n<table>\n<tbody>\n<tr>\n<td width=\"466\">It is narrated that Ibn Abbas use to pray \u0160al\u0101t at-tasb\u012b\u0127 every Jum\u016b`ah.<a href=\"#_ftn1\" name=\"_ftnref1\"><sup>[1]<\/sup><\/a><\/td>\n<\/tr>\n<\/tbody>\n<\/table>\n<p>\u0160al\u0101tu \u2019t-Tasb\u012b\u0127, the Prayer of Glorification, consists of four <em>rak`ats<\/em> prayed with a <em>tasl\u012bm <\/em>at the end of the fourth <em>rak`at,<\/em> as our Shaykhs do it. S\u016bratu \u2019l-F\u0101ti\u0127ah and two S\u016bratu \u2019l-Ikhl\u0101s are recited in the first and third raka`ats, and S\u016bratu \u2019l-F\u0101ti\u0127ah and one S\u016bratu \u2019l-Ikhl\u0101s are recited in the second and fourth. The <em>tasb\u012b\u0127<\/em> which is recited during this prayer is:<\/p>\n<table style=\"width: 1060px; height: 456px;\">\n<tbody>\n<tr style=\"height: 51px;\">\n<td style=\"width: 518.188px; height: 51px;\">Sub\u0127\u0101nall\u0101hi wa \u2019l-\u0127amdulill\u0101hi wa l\u0101 ill\u0101ha ill-All\u0101h wall\u0101hu akbar.<\/td>\n<td style=\"width: 31.2031px; height: 51px;\">\u00a0<\/td>\n<td style=\"width: 488.609px; height: 51px;\">\n<p style=\"text-align: right;\">\u0633\u0628\u062d\u0627\u0646 \u0627\u0644\u0644\u0647 \u0648\u0627\u0644\u062d\u0645\u062f \u0644\u0644\u0647 \u0648\u0644\u0627 \u0625\u0644\u0647 \u0625\u0644\u0627 \u0627\u0644\u0644\u0647 \u0648\u0627\u0644\u0644\u0647\u00a0 \u0623\u0643\u0628\u0631<\/p>\n<\/td>\n<\/tr>\n<tr style=\"height: 47px;\">\n<td style=\"width: 518.188px; height: 47px;\">Glory be to God! Praise be to God! There is no god but God, and God is Greatest.<\/td>\n<td style=\"width: 31.2031px; height: 47px;\">\u00a0<\/td>\n<td style=\"width: 488.609px; height: 47px;\">\u00a0<\/td>\n<\/tr>\n<tr style=\"height: 51px;\">\n<td style=\"width: 518.188px; height: 51px;\"><span style=\"font-family: inherit; font-weight: normal;\">At the end of every set of 10 or 15 <em>tasb\u012b\u0127s<\/em> the Imam adds: <em>wa l\u0101 \u0127awla wa l\u0101 quwwata illa bill\u0101hi \u2019l-`Al\u012byyi \u2019l-`\u0100zh\u012bm<\/em>.<\/span><\/td>\n<td style=\"width: 31.2031px; height: 51px;\">\u00a0<\/td>\n<td style=\"width: 488.609px; height: 51px;\">\n<p style=\"text-align: right;\">\u0648 \u0644\u0627 \u062d\u0648\u0644 \u0648\u0644\u0627 \u0642\u0648\u0629 \u0625\u0644\u0627 \u0628\u0627\u0644\u0644\u0647 \u0627\u0644\u0639\u0644\u064a\u0651 \u0627\u0644\u0639\u0638\u064a\u0645<\/p>\n<\/td>\n<\/tr>\n<tr style=\"height: 23px;\">\n<td style=\"width: 518.188px; height: 23px;\">There is no power and no strength save in God, the\u00a0 Most High, the Great.<\/td>\n<td style=\"width: 31.2031px; height: 23px;\">\u00a0<\/td>\n<td style=\"width: 488.609px; height: 23px;\">\u00a0<\/td>\n<\/tr>\n<tr style=\"height: 71px;\">\n<td style=\"width: 518.188px; height: 71px;\">The total number of <em>tasb\u012b\u0127s<\/em> recited is 300, with 75 in each <em>rak`at<\/em>. Also, the <em>tasb\u012b\u0127s<\/em> is added to the regular parts of the prayer. We have observed the Shaykh using the following method:<\/td>\n<td style=\"width: 31.2031px; height: 71px;\">\u00a0<\/td>\n<td style=\"width: 488.609px; height: 71px;\">\u00a0<\/td>\n<\/tr>\n<tr style=\"height: 75px;\">\n<td style=\"width: 518.188px; height: 75px;\">\n<h4><strong>When <em>tasb\u012b\u0127<\/em>\u00a0is recited<\/strong><\/h4>\n<\/td>\n<td style=\"width: 31.2031px; height: 75px;\">\u00a0<\/td>\n<td style=\"width: 488.609px; height: 75px;\">\n<h4><strong>Number of times<\/strong><\/h4>\n<\/td>\n<\/tr>\n<tr style=\"height: 23px;\">\n<td style=\"width: 518.188px; height: 23px;\">Before reciting S\u016bratu \u2019l-F\u0101ti\u0127ah in the first <em>rak`at.<\/em><\/td>\n<td style=\"width: 31.2031px; height: 23px;\">\u00a0<\/td>\n<td style=\"width: 488.609px; text-align: right; height: 23px;\">15<\/td>\n<\/tr>\n<tr style=\"height: 23px;\">\n<td style=\"width: 518.188px; height: 23px;\">After reciting S\u016bratu \u2019l-F\u0101ti\u0127ah and two S\u016bratu \u2019l-Ikhl\u0101s.<\/td>\n<td style=\"width: 31.2031px; height: 23px;\">\u00a0<\/td>\n<td style=\"width: 488.609px; text-align: right; height: 23px;\">10<\/td>\n<\/tr>\n<tr style=\"height: 23px;\">\n<td style=\"width: 518.188px; height: 23px;\">After each<em> takb\u012br<\/em> except during <em>jul\u016bs<\/em>.<\/td>\n<td style=\"width: 31.2031px; height: 23px;\">\u00a0<\/td>\n<td style=\"width: 488.609px; text-align: right; height: 23px;\">10<\/td>\n<\/tr>\n<\/tbody>\n<\/table>\n<p>[\/et_pb_text][\/et_pb_column][\/et_pb_row][et_pb_row _builder_version=&#8221;4.18.0&#8243; _module_preset=&#8221;default&#8221; global_colors_info=&#8221;{}&#8221;][et_pb_column type=&#8221;4_4&#8243; _builder_version=&#8221;4.18.0&#8243; _module_preset=&#8221;default&#8221; global_colors_info=&#8221;{}&#8221;][et_pb_text _builder_version=&#8221;4.18.0&#8243; _module_preset=&#8221;default&#8221; hover_enabled=&#8221;0&#8243; global_colors_info=&#8221;{}&#8221; sticky_enabled=&#8221;0&#8243;]<\/p>\n<p><a href=\"#_ftnref1\" name=\"_ftn1\">[1]<\/a> \u00a0Abu Dawud, Bin Majah, Ibn Kuzaymah and al-Hakim narrated it. It is in al-Iraqi\u2019s recension whom al-Aqili and others graded sound.<\/p>\n<p>[\/et_pb_text][\/et_pb_column][\/et_pb_row][\/et_pb_section][et_pb_section fb_built=&#8221;1&#8243; _builder_version=&#8221;4.18.0&#8243; _module_preset=&#8221;default&#8221; global_colors_info=&#8221;{}&#8221;][et_pb_row _builder_version=&#8221;4.18.0&#8243; _module_preset=&#8221;default&#8221; hover_enabled=&#8221;0&#8243; global_colors_info=&#8221;{}&#8221; sticky_enabled=&#8221;0&#8243;][et_pb_column type=&#8221;4_4&#8243; _builder_version=&#8221;4.18.0&#8243; _module_preset=&#8221;default&#8221; global_colors_info=&#8221;{}&#8221;][et_pb_divider _builder_version=&#8221;4.18.0&#8243; _module_preset=&#8221;default&#8221; hover_enabled=&#8221;0&#8243; global_colors_info=&#8221;{}&#8221; sticky_enabled=&#8221;0&#8243;][\/et_pb_divider][\/et_pb_column][\/et_pb_row][\/et_pb_section]<\/p>\n","protected":false},"excerpt":{"rendered":"<p>Qiyamu \u2018l-Layl (Night Vigil)One should get up at least one hour before Fajr since it is at this time that the gate of the Mercy of God, Who is Powerful and Sublime, is opened and the time when the great shaykhs look at their mur\u012bds. One should get up and perform ablution and perform two [&hellip;]<\/p>\n","protected":false},"author":2,"featured_media":0,"parent":2460,"menu_order":0,"comment_status":"closed","ping_status":"closed","template":"","meta":{"_et_pb_use_builder":"on","_et_pb_old_content":"","_et_gb_content_width":"","footnotes":""},"class_list":["post-750","page","type-page","status-publish","hentry"],"_links":{"self":[{"href":"https:\/\/naqshbandi.org\/ar\/wp-json\/wp\/v2\/pages\/750","targetHints":{"allow":["GET"]}}],"collection":[{"href":"https:\/\/naqshbandi.org\/ar\/wp-json\/wp\/v2\/pages"}],"about":[{"href":"https:\/\/naqshbandi.org\/ar\/wp-json\/wp\/v2\/types\/page"}],"author":[{"embeddable":true,"href":"https:\/\/naqshbandi.org\/ar\/wp-json\/wp\/v2\/users\/2"}],"replies":[{"embeddable":true,"href":"https:\/\/naqshbandi.org\/ar\/wp-json\/wp\/v2\/comments?post=750"}],"version-history":[{"count":0,"href":"https:\/\/naqshbandi.org\/ar\/wp-json\/wp\/v2\/pages\/750\/revisions"}],"up":[{"embeddable":true,"href":"https:\/\/naqshbandi.org\/ar\/wp-json\/wp\/v2\/pages\/2460"}],"wp:attachment":[{"href":"https:\/\/naqshbandi.org\/ar\/wp-json\/wp\/v2\/media?parent=750"}],"curies":[{"name":"wp","href":"https:\/\/api.w.org\/{rel}","templated":true}]}}