{"id":458,"date":"2021-05-25T10:10:43","date_gmt":"2021-05-25T10:10:43","guid":{"rendered":"https:\/\/naqshbandi.org\/?page_id=458"},"modified":"2023-12-11T19:06:02","modified_gmt":"2023-12-11T19:06:02","slug":"initiation","status":"publish","type":"page","link":"http:\/\/naqshbandi.org\/fr\/tariqa\/initiation\/","title":{"rendered":"Initiation"},"content":{"rendered":"<p>[et_pb_section fb_built=&#8221;1&#8243; _builder_version=&#8221;4.18.0&#8243; _module_preset=&#8221;default&#8221; background_image=&#8221;https:\/\/naqshbandi.org\/wp-content\/uploads\/2022\/09\/Baya-Cyprus-scaled.jpg&#8221; min_height=&#8221;550px&#8221; min_height_tablet=&#8221;&#8221; min_height_phone=&#8221;&#8221; min_height_last_edited=&#8221;on|phone&#8221; custom_padding=&#8221;||||false|false&#8221; hover_enabled=&#8221;0&#8243; global_colors_info=&#8221;{}&#8221; title_text=&#8221;Baya Cyprus&#8221; sticky_enabled=&#8221;0&#8243;][\/et_pb_section][et_pb_section fb_built=&#8221;1&#8243; _builder_version=&#8221;4.16&#8243; _module_preset=&#8221;default&#8221; background_image=&#8221;https:\/\/naqshbandi.org\/wp-content\/uploads\/2021\/05\/about.png&#8221; background_size=&#8221;initial&#8221; background_position=&#8221;bottom_center&#8221; custom_padding=&#8221;0px|||||&#8221; global_colors_info=&#8221;{}&#8221;][et_pb_row column_structure=&#8221;1_4,1_2,1_4&#8243; make_equal=&#8221;on&#8221; _builder_version=&#8221;4.16&#8243; _module_preset=&#8221;default&#8221; custom_padding=&#8221;70px||100px||false|false&#8221; custom_css_main_element=&#8221;align-items: center;&#8221; locked=&#8221;off&#8221; global_colors_info=&#8221;{}&#8221;][et_pb_column type=&#8221;1_4&#8243; _builder_version=&#8221;4.16&#8243; _module_preset=&#8221;default&#8221; global_colors_info=&#8221;{}&#8221;][et_pb_image src=&#8221;https:\/\/naqshbandi.org\/wp-content\/uploads\/2021\/05\/Capture1.png&#8221; title_text=&#8221;Capture1&#8243; align=&#8221;right&#8221; align_tablet=&#8221;&#8221; align_phone=&#8221;center&#8221; align_last_edited=&#8221;on|phone&#8221; _builder_version=&#8221;4.16&#8243; _module_preset=&#8221;default&#8221; global_colors_info=&#8221;{}&#8221;][\/et_pb_image][\/et_pb_column][et_pb_column type=&#8221;1_2&#8243; _builder_version=&#8221;4.16&#8243; _module_preset=&#8221;default&#8221; global_colors_info=&#8221;{}&#8221;][et_pb_text _builder_version=&#8221;4.16&#8243; _module_preset=&#8221;default&#8221; header_2_font=&#8221;Anglecia Pro Display||||||||&#8221; header_2_text_align=&#8221;center&#8221; header_2_text_color=&#8221;#05290d&#8221; header_2_font_size=&#8221;80px&#8221; custom_margin=&#8221;-23px||||false|false&#8221; custom_padding=&#8221;|0px||||&#8221; header_2_font_size_tablet=&#8221;&#8221; header_2_font_size_phone=&#8221;40px&#8221; header_2_font_size_last_edited=&#8221;on|phone&#8221; global_colors_info=&#8221;{}&#8221;]<\/p>\n<h2>Initiation<\/h2>\n<p>[\/et_pb_text][\/et_pb_column][et_pb_column type=&#8221;1_4&#8243; _builder_version=&#8221;4.16&#8243; _module_preset=&#8221;default&#8221; global_colors_info=&#8221;{}&#8221;][et_pb_image src=&#8221;https:\/\/naqshbandi.org\/wp-content\/uploads\/2021\/05\/Capture.png&#8221; title_text=&#8221;Capture&#8221; align_tablet=&#8221;&#8221; align_phone=&#8221;center&#8221; align_last_edited=&#8221;on|phone&#8221; _builder_version=&#8221;4.16&#8243; _module_preset=&#8221;default&#8221; global_colors_info=&#8221;{}&#8221;][\/et_pb_image][\/et_pb_column][\/et_pb_row][et_pb_row column_structure=&#8221;1_2,1_2&#8243; make_equal=&#8221;on&#8221; _builder_version=&#8221;4.16&#8243; _module_preset=&#8221;default&#8221; custom_css_main_element=&#8221;align-items:center;&#8221; global_colors_info=&#8221;{}&#8221;][et_pb_column type=&#8221;1_2&#8243; _builder_version=&#8221;4.16&#8243; _module_preset=&#8221;default&#8221; global_colors_info=&#8221;{}&#8221;][et_pb_text _builder_version=&#8221;4.16&#8243; _module_preset=&#8221;default&#8221; text_font=&#8221;Nunito Sans||||||||&#8221; text_text_color=&#8221;#000000&#8243; text_font_size=&#8221;16px&#8221; global_colors_info=&#8221;{}&#8221;]Baya \u2013 Initiation into the Naqshbandi Sufi Order<br \/>\nTo take online initiation (baya`) recite along with the video. Then click the button below and fill out the following form.[\/et_pb_text][et_pb_button button_url=&#8221;https:\/\/visitor.r20.constantcontact.com\/manage\/optin?v=001SUZpwz3QdDLy7Pu9_fBUM6T5JnPOO5c3VK2kCAOJiachKL5zAkvriBar9i9YVxoHJqJgpLQSqeL-WJ-0rIy1y5gRXOtkpEVCGjtybiEnENCvAW_IBiiezi_Vb69WkmwXdJG6zTzaGVYDdT1ZSVugKDt2eKxeGobh&#8221; url_new_window=&#8221;on&#8221; button_text=&#8221;Register Your Baya`&#8221; module_class=&#8221;custom_button&#8221; _builder_version=&#8221;4.16&#8243; _module_preset=&#8221;default&#8221; custom_button=&#8221;on&#8221; button_text_size=&#8221;13px&#8221; button_text_color=&#8221;#000000&#8243; button_bg_color=&#8221;#E09900&#8243; button_border_width=&#8221;0px&#8221; button_border_radius=&#8221;0px&#8221; button_font=&#8221;Nunito Sans|||on|||||&#8221; custom_padding=&#8221;12px|25px|12px|25px|false|false&#8221; locked=&#8221;off&#8221; global_colors_info=&#8221;{}&#8221;][\/et_pb_button][\/et_pb_column][et_pb_column type=&#8221;1_2&#8243; _builder_version=&#8221;4.16&#8243; _module_preset=&#8221;default&#8221; global_colors_info=&#8221;{}&#8221;][et_pb_video src=&#8221;https:\/\/www.youtube.com\/watch?v=cAQnkwgFI5c&#8221; image_src=&#8221;https:\/\/naqshbandi.org\/wp-content\/uploads\/2021\/05\/ezgif.com-gif-maker.jpg&#8221; _builder_version=&#8221;4.16&#8243; _module_preset=&#8221;default&#8221; min_height=&#8221;419px&#8221; global_colors_info=&#8221;{}&#8221;][\/et_pb_video][\/et_pb_column][\/et_pb_row][\/et_pb_section][et_pb_section fb_built=&#8221;1&#8243; _builder_version=&#8221;4.16&#8243; _module_preset=&#8221;default&#8221; background_image=&#8221;https:\/\/naqshbandi.org\/wp-content\/uploads\/2021\/05\/Index-1.png&#8221; global_colors_info=&#8221;{}&#8221;][et_pb_row column_structure=&#8221;1_2,1_2&#8243; _builder_version=&#8221;4.16&#8243; _module_preset=&#8221;default&#8221; global_colors_info=&#8221;{}&#8221;][et_pb_column type=&#8221;1_2&#8243; _builder_version=&#8221;4.16&#8243; _module_preset=&#8221;default&#8221; global_colors_info=&#8221;{}&#8221;][et_pb_text _builder_version=&#8221;4.16&#8243; _module_preset=&#8221;default&#8221; text_font=&#8221;Nunito Sans||||||||&#8221; text_text_color=&#8221;#FFFFFF&#8221; text_font_size=&#8221;16px&#8221; global_colors_info=&#8221;{}&#8221;]Ashadu an l\u0101 il\u0101ha ill \u2018Ll\u0101h wa ashadu anna Muhammadan rasoolull\u0101h \u2013 I bear witness that there is no god except Allah and I bear witness that Muhammad is the Prophet of Allah.ashadu an l\u0101 il\u0101ha ill \u2018Ll\u0101h wa ashadu anna Muhammadan `abduhu wa ras\u016bluh (2x) \u2013 I bear witness that there is no god except Allah and I bear witness that Muhammad is His servant and Prophet.<br \/>\nbismill\u0101hir-rahm\u0101n ir-rah\u012bm \u2013 In the name of Allah the Compassionate, the Merciful.<br \/>\nInn\u2019alladh\u012bn\u0101 yuba`\u016bnaka innam\u0101 yuba`\u016bn-All\u0101h, yadull\u0101hi fawqa ayd\u012bhim, faman nakatha fa-innam\u0101 yankuthu `al\u0101 nafsih wa man awf\u0101 bim\u0101 `ahad `alayhullaha fa-sayu\u2019t\u012bhi ajran `azh\u012bma<br \/>\nLo! those who swear allegiance unto thee (Muhammad), swear allegiance only unto Allah. The Hand of Allah is above their hands. So whosoever breaketh his oath, breaketh it only to his soul\u2019s hurt; while whosoever keepeth his covenant with Allah, on him will He bestow immense reward. [Surat al-Fath, 48:10][\/et_pb_text][\/et_pb_column][et_pb_column type=&#8221;1_2&#8243; _builder_version=&#8221;4.16&#8243; _module_preset=&#8221;default&#8221; global_colors_info=&#8221;{}&#8221;][et_pb_text _builder_version=&#8221;4.16&#8243; _module_preset=&#8221;default&#8221; text_font=&#8221;Nunito Sans||||||||&#8221; text_text_color=&#8221;#FFFFFF&#8221; text_font_size=&#8221;16px&#8221; locked=&#8221;off&#8221; global_colors_info=&#8221;{}&#8221;]\u0623\u0634\u0647\u062f \u0627\u0646 \u0644\u0627 \u0627\u0644\u0647 \u0627\u0644\u0627 \u0627\u0644\u0644\u0647 , \u0648\u0623\u0634\u0647\u062f \u0623\u0646 \u0645\u062d\u0645\u062f\u0627 \u0631\u0633\u0648\u0644 \u0627\u0644\u0644\u0647<br \/>\n(x2)\u0623\u0634\u0647\u062f \u0627\u0646 \u0644\u0627 \u0627\u0644\u0647 \u0627\u0644\u0627 \u0627\u0644\u0644\u0647 , \u0648\u0623\u0634\u0647\u062f \u0623\u0646 \u0645\u062d\u0645\u062f\u0627 \u0639\u0628\u062f\u0647 \u0648\u0631\u0633\u0648\u0644\u0647<br \/>\n\u0628\u0633\u0645 \u0627\u0644\u0644\u0647 \u0627\u0644\u0631\u062d\u0645\u0646 \u0627\u0644\u0631\u062d\u064a\u0645<br \/>\n\u0625\u0650\u0646\u064e\u0651 \u0627\u0644\u064e\u0651\u0630\u0650\u064a\u0646\u064e \u064a\u064f\u0628\u064e\u0627\u064a\u0650\u0639\u064f\u0648\u0646\u064e\u0643\u064e \u0625\u0650\u0646\u064e\u0651\u0645\u064e\u0627 \u064a\u064f\u0628\u064e\u0627\u064a\u0650\u0639\u064f\u0648\u0646\u064e \u0627\u0644\u0644\u064e\u0651\u0647\u064e \u064a\u064e\u062f\u064f \u0627\u0644\u0644\u064e\u0651\u0647\u0650 \u0641\u064e\u0648\u0652\u0642\u064e \u0623\u064e\u064a\u0652\u062f\u0650\u064a\u0647\u0650\u0645\u0652 \u0641\u064e\u0645\u064e\u0646 \u0646\u064e\u0651\u0643\u064e\u062b\u064e \u0641\u064e\u0625\u0650\u0646\u064e\u0651\u0645\u064e\u0627 \u064a\u064e\u0646\u0643\u064f\u062b\u064f \u0639\u064e\u0644\u064e\u0649 \u0646\u064e\u0641\u0652\u0633\u0650\u0647\u0650<br \/>\n\u0648\u064e\u0645\u064e\u0646\u0652 \u0623\u064e\u0648\u0652\u0641\u064e\u0649 \u0628\u0650\u0645\u064e\u0627 \u0639\u064e\u0627\u0647\u064e\u062f\u064e \u0639\u064e\u0644\u064e\u064a\u0652\u0647\u064f \u0627\u0644\u0644\u064e\u0651\u0647\u064e \u0641\u064e\u0633\u064e\u064a\u064f\u0624\u0652\u062a\u0650\u064a\u0647\u0650 \u0623\u064e\u062c\u0652\u0631\u064b\u0627 \u0639\u064e\u0638\u0650\u064a\u0645\u064b\u0627[\/et_pb_text][\/et_pb_column][\/et_pb_row][\/et_pb_section][et_pb_section fb_built=&#8221;1&#8243; _builder_version=&#8221;4.16&#8243; _module_preset=&#8221;default&#8221; global_colors_info=&#8221;{}&#8221;][et_pb_row _builder_version=&#8221;4.16&#8243; _module_preset=&#8221;default&#8221; global_colors_info=&#8221;{}&#8221;][et_pb_column type=&#8221;4_4&#8243; _builder_version=&#8221;4.16&#8243; _module_preset=&#8221;default&#8221; global_colors_info=&#8221;{}&#8221;][et_pb_text _builder_version=&#8221;4.16&#8243; _module_preset=&#8221;default&#8221; text_font=&#8221;Nunito Sans||||||||&#8221; text_text_color=&#8221;#000000&#8243; text_font_size=&#8221;16px&#8221; locked=&#8221;off&#8221; global_colors_info=&#8221;{}&#8221;]We accept and are pleased with Allah as our Lord, and Islam as our religion and with our Master Muhammad Messenger and Prophet and with the Quran as our book and Allah is the Trustee on what we say. And we are pleased and accepting our Master Mawlana Shaykh Muhammad Nazim as our Shaykh and Guide to Allah.Allah is, Allah is, Allah is Reality. Allah is, Allah is, Allah is Reality.[\/et_pb_text][\/et_pb_column][\/et_pb_row][\/et_pb_section][et_pb_section fb_built=&#8221;1&#8243; _builder_version=&#8221;4.16&#8243; _module_preset=&#8221;default&#8221; background_image=&#8221;https:\/\/naqshbandi.org\/wp-content\/uploads\/2021\/05\/Index-1.png&#8221; global_colors_info=&#8221;{}&#8221;][et_pb_row column_structure=&#8221;1_2,1_2&#8243; _builder_version=&#8221;4.16&#8243; _module_preset=&#8221;default&#8221; global_colors_info=&#8221;{}&#8221;][et_pb_column type=&#8221;1_2&#8243; _builder_version=&#8221;4.16&#8243; _module_preset=&#8221;default&#8221; global_colors_info=&#8221;{}&#8221;][et_pb_text _builder_version=&#8221;4.16&#8243; _module_preset=&#8221;default&#8221; text_font=&#8221;Nunito Sans||||||||&#8221; text_text_color=&#8221;#FFFFFF&#8221; text_font_size=&#8221;16px&#8221; global_colors_info=&#8221;{}&#8221;]<\/p>\n<p>ila hadaratin-Nab\u012b salla-All\u0101hu `alayhi wa sallam wa ash\u0101bihi\u2019l-kir\u0101m wa il\u0101 arw\u0101\u0127i ikhw\u0101nihi min al-anb\u012by\u0101\u2019i wa \u2019l-mursal\u012bn wa khudam\u0101\u2019i shar\u0101`ihim wa ila arw\u0101\u0127i \u2019l-a\u2019immati \u2019l-arba`ah wa ila arw\u0101hi mashaykhin\u0101 fi\u2019t-tar\u012bqatin-Naqsbhand\u012byya-t-il-`al\u012byya kh\u0101ssatan ila Muhammad Shah Naqshband wa Mawlan\u0101 Sultanu\u2019l-awl\u012by\u0101 Shaykh Abdullah al-F\u0101\u2019iz ad-Daghest\u0101n\u012b and to Mawlan\u0101 Shaykh Muhammad N\u0101zim `Adil al-Haqq\u0101n\u012b wa ila arw\u0101hi \u0101hl al-khawajag\u0101n wa ila sa\u2019iri s\u0101datin\u0101 was-siddiq\u012by\u016bn\u0101 lill\u0101hi al-F\u0101tiha! [recite al-Fatiha].<\/p>\n<p>Present the reward of the preceding recitations to the Prophet (s) and to the shaykhs of the Naqshbandi Order:O God! Grant that the merit of what we have read, and the light of what we have recited, are (considered) an offering and gift from us to the soul of our Prophet Muhammad, and to the souls of the prophets, and the saints; in particular the soul of the Im\u0101m of the \u0163ar\u012bqat and arch-Intercessor of the created world, Khw\u0101j\u0101 Bah\u0101\u2019udd\u012bn an-Naqshband Muhammad al-Uwais\u012b \u2019l-Bukh\u0101r\u012b, and our venerable teacher and master, the Sultan of Saints, our Shaykh `Abd All\u0101h al-F\u0101\u2019iz ad-D\u0101ghestan\u012b, and our master Shaykh Muhammad N\u0101zim al-Haqq\u0101n\u012b, and to the masters of the Khatm Khawajagan and to the righteous, al-F\u0101ti\u0127ah.<\/p>\n<p>[\/et_pb_text][\/et_pb_column][et_pb_column type=&#8221;1_2&#8243; _builder_version=&#8221;4.16&#8243; _module_preset=&#8221;default&#8221; global_colors_info=&#8221;{}&#8221;][et_pb_text _builder_version=&#8221;4.16&#8243; _module_preset=&#8221;default&#8221; text_font=&#8221;Nunito Sans||||||||&#8221; text_text_color=&#8221;#FFFFFF&#8221; text_font_size=&#8221;16px&#8221; locked=&#8221;off&#8221; global_colors_info=&#8221;{}&#8221;] \u0625\u0644\u0649 \u062d\u064e\u0636\u0652\u0631\u064e\u0629 \u0627\u0644\u0646\u0628\u064a \u0648\u0622\u0644\u0650\u0647\u0650 \u0648\u0635\u062d\u0652\u0628\u0650\u0647\u0650 \u0627\u0644\u0643\u0631\u0645\u060c \u0648\u0625\u0644\u0649 \u0623\u0631\u0652\u0648\u0627\u062d\u0650 \u0625\u062e\u0652\u0648\u0627\u0646\u0650\u0647\u0650 \u0645\u0650\u0646 \u0627\u0644\u0623\u0646\u0652\u0628\u064a\u0627\u0621 \u0648\u0627\u0644\u0645\u064f\u0631\u0633\u064e\u0644\u064a\u0646 \u0648\u062e\u064f\u062f\u064e\u0645\u0627\u0621\u0650<br \/>\n\u0634\u064e\u0631\u0627\u0626\u0639\u0647\u0645\u0648\u0625\u0644\u0649 \u0623\u0631\u0652\u0648\u0627\u062d\u0650 \u0627\u0644\u0623\u0626\u0645\u064e\u0651\u0629 \u0627\u0644\u0623\u0631\u0652\u0628\u064e\u0639\u064f\u0629\u060c \u0648\u0625\u0644\u0649 \u0623\u0631\u0652\u0648\u0627\u062d\u0650 \u0645\u064e\u0634\u0627\u064a\u0650\u062e\u0650\u0646\u0627 \u0641\u064a \u0627\u0644\u0637\u064e\u0631\u0650\u064a\u0642\u064e\u0629 \u0627\u0644\u0646\u064e\u0642\u0652\u0634\u0652\u0628\u064e\u0646\u0652\u062f\u0650\u064a\u0651\u0629 \u0627\u0644\u0639\u064e\u0644\u064a\u0650\u0651\u0629<br \/>\n\u062e\u0627\u0635\u064e\u0629 \u0625\u0644\u0649 \u0631\u064f\u0648\u062d\u0650 \u0625\u0645\u0627\u0645\u0650 \u0627\u0644\u0637\u064e\u0651\u0631\u064a\u0642\u0629<br \/>\n\u0648\u063a\u064e\u0648\u0652\u062b\u0650 \u0627\u0644\u062e\u064e\u0644\u064a\u0642\u064e\u0629 \u0627\u0644\u0634\u064a\u062e \u0645\u064f\u062d\u064e\u0645\u064e\u0651\u062f\u064f \u0634\u0627\u0647 \u0627\u0644\u0646\u064e\u0642\u0652\u0634\u0652\u0628\u064e\u0646\u0652\u062f \u0648\u0625\u0644\u0649 \u062d\u064e\u0636\u0652\u0631\u064e\u0629 \u0645\u0648\u0644\u0627\u0646\u0627 \u0633\u0644\u0637\u0627\u0646 \u0627\u0644\u0623\u0648\u0644\u064a\u0627\u0621 \u0627\u0644\u0634\u064a\u062e \u0639\u0628\u062f \u0627\u0644\u0644\u0647<br \/>\n\u0627\u0644\u062f\u063a\u0633\u062a\u0627\u0646\u064a<br \/>\n\u0648\u0645\u0648\u0644\u0627\u0646\u0627 \u0627\u0644\u0634\u064a\u062e \u0645\u062d\u0645\u062f \u0646\u0627\u0638\u0645 \u0627\u0644\u062d\u0642\u0627\u0646\u064a \u0648\u0625\u0644\u0649 \u0627\u0647\u0644 \u0627\u0644\u062e\u064e\u0648\u0627\u062c\u062e\u0627\u0646 \u0648\u0625\u0644\u0649 \u0633\u0627\u0626\u0631 \u0633\u0627\u062f\u0627\u062a\u0646\u0627 \u0648\u0627\u0644\u0635\u0650\u062f\u0650\u0651\u064a\u0642\u0650\u064a\u0646.<br \/>\n\u0627\u0644\u0641\u0627\u062a\u0650\u062d\u064e\u0629 .[\/et_pb_text][\/et_pb_column][\/et_pb_row][\/et_pb_section][et_pb_section fb_built=&#8221;1&#8243; _builder_version=&#8221;4.16&#8243; _module_preset=&#8221;default&#8221; global_colors_info=&#8221;{}&#8221;][et_pb_row _builder_version=&#8221;4.16&#8243; _module_preset=&#8221;default&#8221; global_colors_info=&#8221;{}&#8221;][et_pb_column type=&#8221;4_4&#8243; _builder_version=&#8221;4.16&#8243; _module_preset=&#8221;default&#8221; global_colors_info=&#8221;{}&#8221;][et_pb_text _builder_version=&#8221;4.16&#8243; _module_preset=&#8221;default&#8221; text_font=&#8221;Nunito Sans||||||||&#8221; text_text_color=&#8221;#000000&#8243; text_font_size=&#8221;16px&#8221; header_2_font=&#8221;Anglecia Pro Display||||||||&#8221; header_2_text_align=&#8221;center&#8221; locked=&#8221;off&#8221; global_colors_info=&#8221;{}&#8221;]<\/p>\n<h2>Welcome to the tar\u012bqati\u2019n-Naqsbhand\u012byya, was-sal\u0101m `alaykum.<\/h2>\n<p>[\/et_pb_text][et_pb_text _builder_version=&#8221;4.16&#8243; _module_preset=&#8221;default&#8221; text_font=&#8221;Nunito Sans||||||||&#8221; text_text_color=&#8221;#000000&#8243; text_font_size=&#8221;16px&#8221; text_orientation=&#8221;center&#8221; locked=&#8221;off&#8221; global_colors_info=&#8221;{}&#8221;]<\/p>\n<p><strong>Sign up<\/strong><span>\u00a0for the\u00a0<\/span><a href=\"https:\/\/visitor.r20.constantcontact.com\/d.jsp?llr=7pmvzwpab&amp;p=oi&amp;m=7pmvzwpab&amp;sit=7mtqzppib&amp;f=bec68c6d-fcc0-4e83-9f6f-5978cd8626c4\" target=\"_blank\" rel=\"noopener\">Sufilive Mailing list<\/a><span>.<\/span><\/p>\n<p><span>Explanation of Initiation According to the Quran and Sunnah<\/span><\/p>\n<p>[\/et_pb_text][\/et_pb_column][\/et_pb_row][\/et_pb_section]<\/p>\n","protected":false},"excerpt":{"rendered":"<p>InitiationBaya \u2013 Initiation into the Naqshbandi Sufi Order To take online initiation (baya`) recite along with the video. Then click the button below and fill out the following form.Ashadu an l\u0101 il\u0101ha ill \u2018Ll\u0101h wa ashadu anna Muhammadan rasoolull\u0101h \u2013 I bear witness that there is no god except Allah and I bear witness that [&hellip;]<\/p>\n","protected":false},"author":2,"featured_media":0,"parent":2419,"menu_order":0,"comment_status":"closed","ping_status":"closed","template":"","meta":{"_et_pb_use_builder":"on","_et_pb_old_content":"","_et_gb_content_width":"","footnotes":""},"class_list":["post-458","page","type-page","status-publish","hentry"],"_links":{"self":[{"href":"http:\/\/naqshbandi.org\/fr\/wp-json\/wp\/v2\/pages\/458","targetHints":{"allow":["GET"]}}],"collection":[{"href":"http:\/\/naqshbandi.org\/fr\/wp-json\/wp\/v2\/pages"}],"about":[{"href":"http:\/\/naqshbandi.org\/fr\/wp-json\/wp\/v2\/types\/page"}],"author":[{"embeddable":true,"href":"http:\/\/naqshbandi.org\/fr\/wp-json\/wp\/v2\/users\/2"}],"replies":[{"embeddable":true,"href":"http:\/\/naqshbandi.org\/fr\/wp-json\/wp\/v2\/comments?post=458"}],"version-history":[{"count":0,"href":"http:\/\/naqshbandi.org\/fr\/wp-json\/wp\/v2\/pages\/458\/revisions"}],"up":[{"embeddable":true,"href":"http:\/\/naqshbandi.org\/fr\/wp-json\/wp\/v2\/pages\/2419"}],"wp:attachment":[{"href":"http:\/\/naqshbandi.org\/fr\/wp-json\/wp\/v2\/media?parent=458"}],"curies":[{"name":"wp","href":"https:\/\/api.w.org\/{rel}","templated":true}]}}