{"id":2486,"date":"2021-06-16T13:55:40","date_gmt":"2021-06-16T13:55:40","guid":{"rendered":"https:\/\/naqshbandi.org\/?page_id=2486"},"modified":"2022-10-20T16:47:30","modified_gmt":"2022-10-20T16:47:30","slug":"centres","status":"publish","type":"page","link":"http:\/\/naqshbandi.org\/fr\/america\/centers\/","title":{"rendered":"Centres"},"content":{"rendered":"<p>[et_pb_section fb_built=&#8221;1&#8243; _builder_version=&#8221;4.18.0&#8243; _module_preset=&#8221;default&#8221; background_image=&#8221;https:\/\/naqshbandi.org\/wp-content\/uploads\/2021\/05\/MSH-Tuti-Alawiyah-copy.jpg&#8221; min_height=&#8221;550px&#8221; min_height_tablet=&#8221;&#8221; min_height_phone=&#8221;&#8221; min_height_last_edited=&#8221;on|phone&#8221; custom_padding=&#8221;||||false|false&#8221; hover_enabled=&#8221;0&#8243; global_colors_info=&#8221;{}&#8221; title_text=&#8221;MSH &#038; Tuti Alawiyah copy&#8221; sticky_enabled=&#8221;0&#8243;][\/et_pb_section][et_pb_section fb_built=&#8221;1&#8243; _builder_version=&#8221;4.16&#8243; _module_preset=&#8221;default&#8221; background_image=&#8221;https:\/\/naqshbandi.org\/wp-content\/uploads\/2021\/05\/Index-1.png&#8221; global_colors_info=&#8221;{}&#8221;][et_pb_row column_structure=&#8221;1_2,1_2&#8243; make_equal=&#8221;on&#8221; _builder_version=&#8221;4.16&#8243; _module_preset=&#8221;default&#8221; custom_css_main_element=&#8221;align-items:center;&#8221; global_colors_info=&#8221;{}&#8221;][et_pb_column type=&#8221;1_2&#8243; _builder_version=&#8221;4.16&#8243; _module_preset=&#8221;default&#8221; global_colors_info=&#8221;{}&#8221;][et_pb_image src=&#8221;https:\/\/naqshbandi.org\/wp-content\/uploads\/2022\/10\/Ancient-Cyprus-Map.jpg&#8221; title_text=&#8221;Ancient Cyprus Map&#8221; _builder_version=&#8221;4.18.0&#8243; _module_preset=&#8221;default&#8221; hover_enabled=&#8221;0&#8243; global_colors_info=&#8221;{}&#8221; sticky_enabled=&#8221;0&#8243;][\/et_pb_image][\/et_pb_column][et_pb_column type=&#8221;1_2&#8243; _builder_version=&#8221;4.16&#8243; _module_preset=&#8221;default&#8221; global_colors_info=&#8221;{}&#8221;][et_pb_text _builder_version=&#8221;4.16&#8243; _module_preset=&#8221;default&#8221; header_2_font=&#8221;Anglecia Pro Display||||||||&#8221; header_2_text_align=&#8221;left&#8221; header_2_text_color=&#8221;#FFFFFF&#8221; header_2_font_size=&#8221;80px&#8221; custom_padding=&#8221;|0px||||&#8221; header_2_font_size_tablet=&#8221;&#8221; header_2_font_size_phone=&#8221;40px&#8221; header_2_font_size_last_edited=&#8221;on|phone&#8221; global_colors_info=&#8221;{}&#8221;]<\/p>\n<h2>Centers<\/h2>\n<p>[\/et_pb_text][et_pb_text _builder_version=&#8221;4.18.0&#8243; _module_preset=&#8221;default&#8221; text_font=&#8221;Nunito Sans||||||||&#8221; text_text_color=&#8221;#90b99a&#8221; text_font_size=&#8221;16px&#8221; hover_enabled=&#8221;0&#8243; global_colors_info=&#8221;{}&#8221; sticky_enabled=&#8221;0&#8243;]<\/p>\n<p>Find a center near you where you can join live <em>Dhikr<\/em> events, meet a representative of the Naqshbandi Way and join a community.<\/p>\n<p>[\/et_pb_text][et_pb_button button_url=&#8221;https:\/\/sufilive.com\/centers\/&#8221; url_new_window=&#8221;on&#8221; button_text=&#8221;READ MORE&#8221; module_class=&#8221;custom_button&#8221; _builder_version=&#8221;4.18.0&#8243; _module_preset=&#8221;default&#8221; custom_button=&#8221;on&#8221; button_text_size=&#8221;13px&#8221; button_text_color=&#8221;#000000&#8243; button_bg_color=&#8221;#E09900&#8243; button_border_width=&#8221;0px&#8221; button_border_radius=&#8221;0px&#8221; button_font=&#8221;Nunito Sans||||||||&#8221; custom_padding=&#8221;12px|25px|12px|25px|false|false&#8221; global_colors_info=&#8221;{}&#8221;][\/et_pb_button][\/et_pb_column][\/et_pb_row][\/et_pb_section]<\/p>\n","protected":false},"excerpt":{"rendered":"<p>CentresTrouvez un centre pr\u00e8s de chez vous o\u00f9 vous pouvez participer \u00e0 des \u00e9v\u00e9nements Dhikr en direct, rencontrer un repr\u00e9sentant de la Naqshbandi Way et rejoindre une communaut\u00e9.<\/p>","protected":false},"author":2,"featured_media":0,"parent":143,"menu_order":0,"comment_status":"closed","ping_status":"closed","template":"","meta":{"_et_pb_use_builder":"on","_et_pb_old_content":"","_et_gb_content_width":"","footnotes":""},"class_list":["post-2486","page","type-page","status-publish","hentry"],"_links":{"self":[{"href":"http:\/\/naqshbandi.org\/fr\/wp-json\/wp\/v2\/pages\/2486","targetHints":{"allow":["GET"]}}],"collection":[{"href":"http:\/\/naqshbandi.org\/fr\/wp-json\/wp\/v2\/pages"}],"about":[{"href":"http:\/\/naqshbandi.org\/fr\/wp-json\/wp\/v2\/types\/page"}],"author":[{"embeddable":true,"href":"http:\/\/naqshbandi.org\/fr\/wp-json\/wp\/v2\/users\/2"}],"replies":[{"embeddable":true,"href":"http:\/\/naqshbandi.org\/fr\/wp-json\/wp\/v2\/comments?post=2486"}],"version-history":[{"count":0,"href":"http:\/\/naqshbandi.org\/fr\/wp-json\/wp\/v2\/pages\/2486\/revisions"}],"up":[{"embeddable":true,"href":"http:\/\/naqshbandi.org\/fr\/wp-json\/wp\/v2\/pages\/143"}],"wp:attachment":[{"href":"http:\/\/naqshbandi.org\/fr\/wp-json\/wp\/v2\/media?parent=2486"}],"curies":[{"name":"wp","href":"https:\/\/api.w.org\/{rel}","templated":true}]}}