{"id":2412,"date":"2021-06-14T10:47:03","date_gmt":"2021-06-14T10:47:03","guid":{"rendered":"https:\/\/naqshbandi.org\/?page_id=2412"},"modified":"2022-10-03T15:38:28","modified_gmt":"2022-10-03T15:38:28","slug":"salat-ali-al-qadr","status":"publish","type":"page","link":"http:\/\/naqshbandi.org\/fr\/dua-invocation\/salat-ali-al-qadr\/","title":{"rendered":"Salat `Ali al-Qadr"},"content":{"rendered":"<p>[et_pb_section fb_built=&#8221;1&#8243; _builder_version=&#8221;4.18.0&#8243; _module_preset=&#8221;default&#8221; background_image=&#8221;https:\/\/naqshbandi.org\/wp-content\/uploads\/2022\/04\/WhatsApp-Image-2022-03-18-at-5.56.19-PM.jpeg&#8221; min_height=&#8221;550px&#8221; custom_padding=&#8221;||||false|false&#8221; hover_enabled=&#8221;0&#8243; global_colors_info=&#8221;{}&#8221; sticky_enabled=&#8221;0&#8243; background_size=&#8221;custom&#8221; background_image_width=&#8221;48%&#8221;][\/et_pb_section][et_pb_section fb_built=&#8221;1&#8243; _builder_version=&#8221;4.16&#8243; _module_preset=&#8221;default&#8221; background_enable_image=&#8221;off&#8221; background_size=&#8221;initial&#8221; background_position=&#8221;bottom_center&#8221; custom_padding=&#8221;0px|||||&#8221; global_colors_info=&#8221;{}&#8221;][et_pb_row column_structure=&#8221;1_5,3_5,1_5&#8243; make_equal=&#8221;on&#8221; _builder_version=&#8221;4.16&#8243; _module_preset=&#8221;default&#8221; custom_padding=&#8221;70px||5px||false|false&#8221; custom_css_main_element=&#8221;align-items: center;&#8221; locked=&#8221;off&#8221; global_colors_info=&#8221;{}&#8221;][et_pb_column type=&#8221;1_5&#8243; _builder_version=&#8221;4.16&#8243; _module_preset=&#8221;default&#8221; global_colors_info=&#8221;{}&#8221;][et_pb_image src=&#8221;https:\/\/naqshbandi.org\/wp-content\/uploads\/2021\/05\/Capture1.png&#8221; title_text=&#8221;Capture1&#8243; align=&#8221;right&#8221; align_tablet=&#8221;&#8221; align_phone=&#8221;center&#8221; align_last_edited=&#8221;on|phone&#8221; _builder_version=&#8221;4.16&#8243; _module_preset=&#8221;default&#8221; global_colors_info=&#8221;{}&#8221;][\/et_pb_image][\/et_pb_column][et_pb_column type=&#8221;3_5&#8243; _builder_version=&#8221;4.16&#8243; _module_preset=&#8221;default&#8221; global_colors_info=&#8221;{}&#8221;][et_pb_text _builder_version=&#8221;4.16&#8243; _module_preset=&#8221;default&#8221; header_2_font=&#8221;Anglecia Pro Display||||||||&#8221; header_2_text_align=&#8221;center&#8221; header_2_text_color=&#8221;#05290d&#8221; header_2_font_size=&#8221;62px&#8221; custom_margin=&#8221;-23px||||false|false&#8221; custom_padding=&#8221;|0px||||&#8221; header_2_font_size_tablet=&#8221;&#8221; header_2_font_size_phone=&#8221;40px&#8221; header_2_font_size_last_edited=&#8221;on|phone&#8221; global_colors_info=&#8221;{}&#8221;]<\/p>\n<h2>Salat `Ali al-Qadr<\/h2>\n<p>[\/et_pb_text][\/et_pb_column][et_pb_column type=&#8221;1_5&#8243; _builder_version=&#8221;4.16&#8243; _module_preset=&#8221;default&#8221; global_colors_info=&#8221;{}&#8221;][et_pb_image src=&#8221;https:\/\/naqshbandi.org\/wp-content\/uploads\/2021\/05\/Capture.png&#8221; title_text=&#8221;Capture&#8221; align=&#8221;right&#8221; align_tablet=&#8221;&#8221; align_phone=&#8221;center&#8221; align_last_edited=&#8221;on|phone&#8221; _builder_version=&#8221;4.16&#8243; _module_preset=&#8221;default&#8221; global_colors_info=&#8221;{}&#8221;][\/et_pb_image][\/et_pb_column][\/et_pb_row][et_pb_row _builder_version=&#8221;4.16&#8243; _module_preset=&#8221;default&#8221; global_colors_info=&#8221;{}&#8221;][et_pb_column type=&#8221;4_4&#8243; _builder_version=&#8221;4.16&#8243; _module_preset=&#8221;default&#8221; global_colors_info=&#8221;{}&#8221;][et_pb_text content_last_edited=&#8221;off|desktop&#8221; admin_label=&#8221;Text&#8221; _builder_version=&#8221;4.18.0&#8243; _module_preset=&#8221;default&#8221; text_font=&#8221;Nunito Sans||||||||&#8221; text_text_color=&#8221;#000000&#8243; text_font_size=&#8221;16px&#8221; locked=&#8221;off&#8221; global_colors_info=&#8221;{}&#8221;]<\/p>\n<table style=\"border-collapse: collapse; width: 100%;\" border=\"0\">\n<tbody>\n<tr>\n<td style=\"width: 59.1245%;\">\n<h3>\u1e62al\u0101t al-<strong>\u1d9c<\/strong>\u0100l\u012b al-Qadr (For Claustrophobia)<\/h3>\n<\/td>\n<td style=\"width: 40.8755%;\">\n<h3 dir=\"rtl\">\u0635\u0644\u0627\u0629\u00a0\u0627\u0644\u0652\u0639\u064e\u0627\u0644\u0650\u064a \u0627\u0644\u0652\u0642\u064e\u062f\u0652\u0631\u0650<\/h3>\n<\/td>\n<\/tr>\n<\/tbody>\n<\/table>\n<p>(Read 10 times after\u00a0<i>\u1d9cIsh\u0101<\/i>\u00a0\/ 1 time on the night of\u00a0<i>Jum\u016b\u1d9cah<\/i>)<\/p>\n<p>As mentioned by many\u00a0<i>awl\u012by\u0101ull\u0101h<\/i>, from the book,\u00a0<i>\u201cShar\u1e25 \u1e63alaw\u0101t ad-Dard\u012br al-\u1d9cAll\u0101mah as-S\u0101w\u012b\u201d<\/i>, reciting this\u00a0<i>\u1e63alaw\u0101t<\/i>\u00a0will eliminate claustrophobia and bring ease to you in the grave. It will also remove the fear of the interrogating angels,\u00a0<i>Munkar\u00a0<\/i>and\u00a0<i>Nakir<\/i>. Whoever recites this <i>\u1e63alaw\u0101t<\/i>\u00a0once every Friday, upon his death the Prophet\u00a0\u0635\u00a0will go with him to his burial and bury him with his own blessed hands!<\/p>\n<p>Numerous\u00a0<i>awl\u012by\u0101ull\u0101h<\/i>\u00a0have said, \u201cWhoever recites this\u00a0<i>\u1e63alaw\u0101t\u00a0<\/i>even once on Friday or from Thursday evening onward, All\u0101h\u00a0\u0633\u00a0will allow his soul to see the Exemplar of All Souls\u00a0\u0635,\u201d not only when his soul is leaving the body, but also when he is taken to the grave, until he sees the Prophet\u00a0\u0635\u00a0is the one taking care of him in that grave.\u00a0<i>Awl\u012by\u0101ull\u0101h\u00a0<\/i>say to be consistent in reading\u00a0<i>a<\/i><i>\u1e63-\u1e62al\u0101t al<\/i>-\u1d9c<i>\u0100l\u012b al<\/i>\u2013<i>Qadr\u00a0<\/i>ten times daily and once on the night of <i>Jumu\u1d9cah,\u00a0<\/i>which will bring you\u00a0<i>khayr al-jas\u012bm<\/i>, the uncountable good that comes from it. Also, the book\u00a0<i>Fa\u1e6d\u1e25 ar-Ras\u016bl<\/i>\u00a0states that who reads it ten times after \u1d9c<i>Ish<\/i><i>\u0101\u00a0<\/i>will be rewarded as if they recited it all night.<\/p>\n<h3 dir=\"RTL\" style=\"text-align: right;\">\u0627\u0644\u0644\u064e\u0651\u0647\u064f\u0645\u064e\u0651 \u0635\u064e\u0644\u0650\u0651 \u0648\u064e\u0633\u064e\u0644\u0650\u0651\u0645\u0652 \u0648\u064e\u0628\u064e\u0627\u0631\u0650\u0643\u064e \u0639\u064e\u0644\u064e\u0649 \u0633\u064e\u064a\u0650\u0651\u062f\u0650\u0646\u064e\u0627 \u0645\u064f\u062d\u064e\u0645\u064e\u0651\u062f\u064d \u0627\u0644\u0646\u064e\u0651\u0628\u0650\u064a\u0650\u0651 \u0627\u0644\u0623\u064f\u0645\u0650\u0651\u064a\u0650\u0651 \u0627\u0644\u0652\u062d\u064e\u0628\u0650\u064a\u0628\u0650 \u0627\u0644\u0652\u0639\u064e\u0627\u0644\u0650\u064a \u0627\u0644\u0652\u0642\u064e\u062f\u0652\u0631\u0650 \u0627\u0644\u0652\u0639\u064e\u0638\u0650\u064a\u0645\u0650 \u0627\u0644\u0652\u062c\u064e\u0627\u0647\u0650 \u0648\u064e\u0639\u064e\u0644\u064e\u0649 \u0622\u0644\u0650\u0647\u0650 \u0648\u064e\u0635\u064e\u062d\u0652\u0628\u0650\u0647\u0650 \u0648\u064e\u0633\u064e\u0644\u0650\u0651\u0645\u0652<\/h3>\n<p><em>All\u0101humma \u1e63alli \u1d9cal\u0101 Sayy\u012bdin\u0101 Mu\u1e25ammadi \u2019n-Nab\u012byyi \u2018l-Um\u012byyi \u2019l-\u1e25ab\u012bbi \u2018l-\u1d9c\u0101l\u012byyi \u2018l-qadri \u2018l-\u1d9ca\u1e93\u012bmi \u2018l-j\u0101hi wa \u1d9cal\u0101 \u0101lihi wa \u1e63a\u1e25bihi wa sallim.<\/em><\/p>\n<p>O All\u0101h! Exalt and greet and bless our Master Mu\u1e25ammad, the Unlettered Prophet, the Beloved of Highest Value, Possessing Immense Status, and on his Family\u00a0\u0631\u00a0and Companions\u00a0\u0631\u00a0and send them peace.<\/p>\n<p>[\/et_pb_text][\/et_pb_column][\/et_pb_row][\/et_pb_section]<\/p>\n","protected":false},"excerpt":{"rendered":"<p>Salat `Ali al-Qadr \u1e62al\u0101t al-\u1d9c\u0100l\u012b al-Qadr (For Claustrophobia) \u0635\u0644\u0627\u0629\u00a0\u0627\u0644\u0652\u0639\u064e\u0627\u0644\u0650\u064a \u0627\u0644\u0652\u0642\u064e\u062f\u0652\u0631\u0650 (Read 10 times after\u00a0\u1d9cIsh\u0101\u00a0\/ 1 time on the night of\u00a0Jum\u016b\u1d9cah) As mentioned by many\u00a0awl\u012by\u0101ull\u0101h, from the book,\u00a0\u201cShar\u1e25 \u1e63alaw\u0101t ad-Dard\u012br al-\u1d9cAll\u0101mah as-S\u0101w\u012b\u201d, reciting this\u00a0\u1e63alaw\u0101t\u00a0will eliminate claustrophobia and bring ease to you in the grave. It will also remove the fear of the interrogating angels,\u00a0Munkar\u00a0and\u00a0Nakir. Whoever recites [&hellip;]<\/p>\n","protected":false},"author":2,"featured_media":0,"parent":246,"menu_order":0,"comment_status":"closed","ping_status":"closed","template":"","meta":{"_et_pb_use_builder":"on","_et_pb_old_content":"","_et_gb_content_width":"","footnotes":""},"class_list":["post-2412","page","type-page","status-publish","hentry"],"_links":{"self":[{"href":"http:\/\/naqshbandi.org\/fr\/wp-json\/wp\/v2\/pages\/2412","targetHints":{"allow":["GET"]}}],"collection":[{"href":"http:\/\/naqshbandi.org\/fr\/wp-json\/wp\/v2\/pages"}],"about":[{"href":"http:\/\/naqshbandi.org\/fr\/wp-json\/wp\/v2\/types\/page"}],"author":[{"embeddable":true,"href":"http:\/\/naqshbandi.org\/fr\/wp-json\/wp\/v2\/users\/2"}],"replies":[{"embeddable":true,"href":"http:\/\/naqshbandi.org\/fr\/wp-json\/wp\/v2\/comments?post=2412"}],"version-history":[{"count":0,"href":"http:\/\/naqshbandi.org\/fr\/wp-json\/wp\/v2\/pages\/2412\/revisions"}],"up":[{"embeddable":true,"href":"http:\/\/naqshbandi.org\/fr\/wp-json\/wp\/v2\/pages\/246"}],"wp:attachment":[{"href":"http:\/\/naqshbandi.org\/fr\/wp-json\/wp\/v2\/media?parent=2412"}],"curies":[{"name":"wp","href":"https:\/\/api.w.org\/{rel}","templated":true}]}}